{"id":15771,"date":"2024-06-07T08:25:24","date_gmt":"2024-06-07T08:25:24","guid":{"rendered":"https:\/\/staszewscy.pl\/?page_id=15771"},"modified":"2024-06-07T08:25:24","modified_gmt":"2024-06-07T08:25:24","slug":"wysylka","status":"publish","type":"page","link":"https:\/\/staszewscy.pl\/index.php\/wysylka\/","title":{"rendered":"Wysy\u0142ka i p\u0142atno\u015bci"},"content":{"rendered":"\r\n<h1>Wysy\u0142ka i P\u0142atno\u015bci<\/h1>\r\n<h2>Oferujemy nast\u0119puj\u0105ce sposoby dostawy:<\/h2>\r\n<p>&#8211; **Paczkomaty Inpost**: 12 z\u0142<br \/>&#8211; **Przesy\u0142ka kurierska**: 18,45 z\u0142<br \/>&#8211; **Odbi\u00f3r osobisty**: <br \/>&#8211; Po wcze\u015bniejszym um\u00f3wieniu w 05-090 Raszyn pod Warszaw\u0105. Bezp\u0142atnie.<br \/>&#8211; Po wcze\u015bniejszym um\u00f3wieniu w 05-552 Warszawianka. Bezp\u0142atnie.<\/p>\r\n<h2>Oferujemy nast\u0119puj\u0105ce formy p\u0142atno\u015bci:<\/h2>\r\n<p>&#8211; Szybkie p\u0142atno\u015bci iMoje Banku ING, karty, BLIK<br \/>&#8211; Przelew bankowy:<\/p>\r\n<p>**Trzy Cztery Grzegorz Staszewski**<br \/>ul. Brzozowa 5c, 05-550 Warszawianka<\/p>\r\n<p>Numer konta: 20 1050 1050 1000 0092 6469 0695<\/p>\r\n","protected":false},"excerpt":{"rendered":"<p>Wysy\u0142ka i P\u0142atno\u015bci Oferujemy nast\u0119puj\u0105ce sposoby dostawy: &#8211; **Paczkomaty Inpost**: 12 z\u0142&#8211; **Przesy\u0142ka kurierska**: 18,45 z\u0142&#8211; **Odbi\u00f3r osobisty**: &#8211; Po wcze\u015bniejszym um\u00f3wieniu w 05-090 Raszyn pod Warszaw\u0105. Bezp\u0142atnie.&#8211; Po wcze\u015bniejszym [&hellip;]<\/p>\n","protected":false},"author":1,"featured_media":0,"parent":0,"menu_order":0,"comment_status":"closed","ping_status":"closed","template":"","meta":{"footnotes":""},"class_list":["post-15771","page","type-page","status-publish","hentry"],"yoast_head":"<!-- This site is optimized with the Yoast SEO plugin v26.9 - https:\/\/yoast.com\/product\/yoast-seo-wordpress\/ -->\n<title>Wysy\u0142ka i p\u0142atno\u015bci - Staszewscy.pl<\/title>\n<meta name=\"robots\" content=\"index, follow, max-snippet:-1, max-image-preview:large, max-video-preview:-1\" \/>\n<link rel=\"canonical\" href=\"https:\/\/staszewscy.pl\/index.php\/wysylka\/\" \/>\n<meta property=\"og:locale\" content=\"pl_PL\" \/>\n<meta property=\"og:type\" content=\"article\" \/>\n<meta property=\"og:title\" content=\"Wysy\u0142ka i p\u0142atno\u015bci - Staszewscy.pl\" \/>\n<meta property=\"og:description\" content=\"Wysy\u0142ka i P\u0142atno\u015bci Oferujemy nast\u0119puj\u0105ce sposoby dostawy: &#8211; **Paczkomaty Inpost**: 12 z\u0142&#8211; **Przesy\u0142ka kurierska**: 18,45 z\u0142&#8211; **Odbi\u00f3r osobisty**: &#8211; Po wcze\u015bniejszym um\u00f3wieniu w 05-090 Raszyn pod Warszaw\u0105. Bezp\u0142atnie.&#8211; Po wcze\u015bniejszym [&hellip;]\" \/>\n<meta property=\"og:url\" content=\"https:\/\/staszewscy.pl\/index.php\/wysylka\/\" \/>\n<meta property=\"og:site_name\" content=\"Staszewscy.pl\" \/>\n<meta property=\"article:publisher\" content=\"https:\/\/www.facebook.com\/koszulkownia\" \/>\n<meta name=\"twitter:card\" content=\"summary_large_image\" \/>\n<script type=\"application\/ld+json\" class=\"yoast-schema-graph\">{\"@context\":\"https:\/\/schema.org\",\"@graph\":[{\"@type\":\"WebPage\",\"@id\":\"https:\/\/staszewscy.pl\/index.php\/wysylka\/\",\"url\":\"https:\/\/staszewscy.pl\/index.php\/wysylka\/\",\"name\":\"Wysy\u0142ka i p\u0142atno\u015bci - Staszewscy.pl\",\"isPartOf\":{\"@id\":\"https:\/\/staszewscy.pl\/#website\"},\"datePublished\":\"2024-06-07T08:25:24+00:00\",\"breadcrumb\":{\"@id\":\"https:\/\/staszewscy.pl\/index.php\/wysylka\/#breadcrumb\"},\"inLanguage\":\"pl-PL\",\"potentialAction\":[{\"@type\":\"ReadAction\",\"target\":[\"https:\/\/staszewscy.pl\/index.php\/wysylka\/\"]}]},{\"@type\":\"BreadcrumbList\",\"@id\":\"https:\/\/staszewscy.pl\/index.php\/wysylka\/#breadcrumb\",\"itemListElement\":[{\"@type\":\"ListItem\",\"position\":1,\"name\":\"Strona g\u0142\u00f3wna\",\"item\":\"https:\/\/staszewscy.pl\/\"},{\"@type\":\"ListItem\",\"position\":2,\"name\":\"Wysy\u0142ka i p\u0142atno\u015bci\"}]},{\"@type\":\"WebSite\",\"@id\":\"https:\/\/staszewscy.pl\/#website\",\"url\":\"https:\/\/staszewscy.pl\/\",\"name\":\"Koszulkownia.pl\",\"description\":\"Koszulki z nadrukiem, prezenty, odzie\u017c na eventy\",\"publisher\":{\"@id\":\"https:\/\/staszewscy.pl\/#organization\"},\"potentialAction\":[{\"@type\":\"SearchAction\",\"target\":{\"@type\":\"EntryPoint\",\"urlTemplate\":\"https:\/\/staszewscy.pl\/?s={search_term_string}\"},\"query-input\":{\"@type\":\"PropertyValueSpecification\",\"valueRequired\":true,\"valueName\":\"search_term_string\"}}],\"inLanguage\":\"pl-PL\"},{\"@type\":\"Organization\",\"@id\":\"https:\/\/staszewscy.pl\/#organization\",\"name\":\"Koszulkownia.pl\",\"url\":\"https:\/\/staszewscy.pl\/\",\"logo\":{\"@type\":\"ImageObject\",\"inLanguage\":\"pl-PL\",\"@id\":\"https:\/\/staszewscy.pl\/#\/schema\/logo\/image\/\",\"url\":\"https:\/\/staszewscy.pl\/wp-content\/uploads\/2023\/09\/koszulkownia-logo-1576521554.png\",\"contentUrl\":\"https:\/\/staszewscy.pl\/wp-content\/uploads\/2023\/09\/koszulkownia-logo-1576521554.png\",\"width\":340,\"height\":72,\"caption\":\"Koszulkownia.pl\"},\"image\":{\"@id\":\"https:\/\/staszewscy.pl\/#\/schema\/logo\/image\/\"},\"sameAs\":[\"https:\/\/www.facebook.com\/koszulkownia\",\"https:\/\/www.instagram.com\/koszulkownia\/\",\"https:\/\/www.youtube.com\/@staszewscy.pl_koszulkownia6107\"]}]}<\/script>\n<!-- \/ Yoast SEO plugin. -->","yoast_head_json":{"title":"Wysy\u0142ka i p\u0142atno\u015bci - Staszewscy.pl","robots":{"index":"index","follow":"follow","max-snippet":"max-snippet:-1","max-image-preview":"max-image-preview:large","max-video-preview":"max-video-preview:-1"},"canonical":"https:\/\/staszewscy.pl\/index.php\/wysylka\/","og_locale":"pl_PL","og_type":"article","og_title":"Wysy\u0142ka i p\u0142atno\u015bci - Staszewscy.pl","og_description":"Wysy\u0142ka i P\u0142atno\u015bci Oferujemy nast\u0119puj\u0105ce sposoby dostawy: &#8211; **Paczkomaty Inpost**: 12 z\u0142&#8211; **Przesy\u0142ka kurierska**: 18,45 z\u0142&#8211; **Odbi\u00f3r osobisty**: &#8211; Po wcze\u015bniejszym um\u00f3wieniu w 05-090 Raszyn pod Warszaw\u0105. Bezp\u0142atnie.&#8211; Po wcze\u015bniejszym [&hellip;]","og_url":"https:\/\/staszewscy.pl\/index.php\/wysylka\/","og_site_name":"Staszewscy.pl","article_publisher":"https:\/\/www.facebook.com\/koszulkownia","twitter_card":"summary_large_image","schema":{"@context":"https:\/\/schema.org","@graph":[{"@type":"WebPage","@id":"https:\/\/staszewscy.pl\/index.php\/wysylka\/","url":"https:\/\/staszewscy.pl\/index.php\/wysylka\/","name":"Wysy\u0142ka i p\u0142atno\u015bci - Staszewscy.pl","isPartOf":{"@id":"https:\/\/staszewscy.pl\/#website"},"datePublished":"2024-06-07T08:25:24+00:00","breadcrumb":{"@id":"https:\/\/staszewscy.pl\/index.php\/wysylka\/#breadcrumb"},"inLanguage":"pl-PL","potentialAction":[{"@type":"ReadAction","target":["https:\/\/staszewscy.pl\/index.php\/wysylka\/"]}]},{"@type":"BreadcrumbList","@id":"https:\/\/staszewscy.pl\/index.php\/wysylka\/#breadcrumb","itemListElement":[{"@type":"ListItem","position":1,"name":"Strona g\u0142\u00f3wna","item":"https:\/\/staszewscy.pl\/"},{"@type":"ListItem","position":2,"name":"Wysy\u0142ka i p\u0142atno\u015bci"}]},{"@type":"WebSite","@id":"https:\/\/staszewscy.pl\/#website","url":"https:\/\/staszewscy.pl\/","name":"Koszulkownia.pl","description":"Koszulki z nadrukiem, prezenty, odzie\u017c na eventy","publisher":{"@id":"https:\/\/staszewscy.pl\/#organization"},"potentialAction":[{"@type":"SearchAction","target":{"@type":"EntryPoint","urlTemplate":"https:\/\/staszewscy.pl\/?s={search_term_string}"},"query-input":{"@type":"PropertyValueSpecification","valueRequired":true,"valueName":"search_term_string"}}],"inLanguage":"pl-PL"},{"@type":"Organization","@id":"https:\/\/staszewscy.pl\/#organization","name":"Koszulkownia.pl","url":"https:\/\/staszewscy.pl\/","logo":{"@type":"ImageObject","inLanguage":"pl-PL","@id":"https:\/\/staszewscy.pl\/#\/schema\/logo\/image\/","url":"https:\/\/staszewscy.pl\/wp-content\/uploads\/2023\/09\/koszulkownia-logo-1576521554.png","contentUrl":"https:\/\/staszewscy.pl\/wp-content\/uploads\/2023\/09\/koszulkownia-logo-1576521554.png","width":340,"height":72,"caption":"Koszulkownia.pl"},"image":{"@id":"https:\/\/staszewscy.pl\/#\/schema\/logo\/image\/"},"sameAs":["https:\/\/www.facebook.com\/koszulkownia","https:\/\/www.instagram.com\/koszulkownia\/","https:\/\/www.youtube.com\/@staszewscy.pl_koszulkownia6107"]}]}},"jetpack_sharing_enabled":true,"_links":{"self":[{"href":"https:\/\/staszewscy.pl\/index.php\/wp-json\/wp\/v2\/pages\/15771","targetHints":{"allow":["GET"]}}],"collection":[{"href":"https:\/\/staszewscy.pl\/index.php\/wp-json\/wp\/v2\/pages"}],"about":[{"href":"https:\/\/staszewscy.pl\/index.php\/wp-json\/wp\/v2\/types\/page"}],"author":[{"embeddable":true,"href":"https:\/\/staszewscy.pl\/index.php\/wp-json\/wp\/v2\/users\/1"}],"replies":[{"embeddable":true,"href":"https:\/\/staszewscy.pl\/index.php\/wp-json\/wp\/v2\/comments?post=15771"}],"version-history":[{"count":1,"href":"https:\/\/staszewscy.pl\/index.php\/wp-json\/wp\/v2\/pages\/15771\/revisions"}],"predecessor-version":[{"id":15783,"href":"https:\/\/staszewscy.pl\/index.php\/wp-json\/wp\/v2\/pages\/15771\/revisions\/15783"}],"wp:attachment":[{"href":"https:\/\/staszewscy.pl\/index.php\/wp-json\/wp\/v2\/media?parent=15771"}],"curies":[{"name":"wp","href":"https:\/\/api.w.org\/{rel}","templated":true}]}}