{"id":18721,"date":"2024-07-02T16:36:05","date_gmt":"2024-07-02T14:36:05","guid":{"rendered":"https:\/\/staszewscy.pl\/?post_type=product&#038;p=18721"},"modified":"2024-07-02T20:00:05","modified_gmt":"2024-07-02T18:00:05","slug":"koszulka-jedzenie-jest-zbyt-dobre-zeby-byc-chudym","status":"publish","type":"product","link":"https:\/\/staszewscy.pl\/index.php\/produkt\/koszulka-jedzenie-jest-zbyt-dobre-zeby-byc-chudym\/","title":{"rendered":"Koszulka JEDZENIE JEST ZBYT DOBRE \u017bEBY BY\u0106 CHUDYM"},"content":{"rendered":"<div class=\"collapse-heading\" style=\"color: #777777; font-family: Raleway, sans-serif; font-size: 14px; line-height: 19.6px; background-color: #f6f6f6;\">\n<p><strong>Koszulka\u00a0<\/strong><\/p>\n<ul class=\"[&amp;&gt;li]:custom-bullet pl-[18px] rtl:pr-[18px]\" style=\"margin: 0px; padding: 0px; border: 0px; font-size: 16px; vertical-align: baseline; color: #727272; font-family: Jost; font-style: normal; font-weight: 400; letter-spacing: 0.08px; text-align: start; text-indent: 0px; text-transform: none; background-color: #ffffff;\">\n<li>Nadruki wykonywane na koszulkach marki Stedman lub Sol`s<\/li>\n<li>Sk\u0142ad: 85% bawe\u0142na, 15% wiskoza<\/li>\n<li>W\u0142a\u015bciwo\u015bci: oddychaj\u0105ca, przyjemna w dotyku, elastyczna, nie rozci\u0105ga si\u0119<\/li>\n<li>Brak substancji niebezpiecznych<\/li>\n<li>Gramatura: 185 -195 g\/m2<\/li>\n<\/ul>\n<ul class=\"[&amp;&gt;li]:custom-bullet pl-[18px] rtl:pr-[18px]\" style=\"margin: 0px; padding: 0px; border: 0px; font-size: 16px; vertical-align: baseline; color: #727272; font-family: Jost; font-style: normal; font-weight: 400; letter-spacing: 0.08px; text-align: start; text-indent: 0px; text-transform: none; background-color: #ffffff;\">\n<li>Wz\u00f3r jest stworzony przez nas i chroniony prawem autorskim<\/li>\n<\/ul>\n<\/div>\n","protected":false},"excerpt":{"rendered":"<p>Koszulka dla os\u00f3b u kt\u00f3rych jedzenie wywo\u0142uje przyjemno\u015b\u0107.<\/p>\n","protected":false},"featured_media":18506,"template":"","meta":[],"product_brand":[],"product_cat":[41,174,34,167],"product_tag":[],"class_list":{"0":"post-18721","1":"product","2":"type-product","3":"status-publish","4":"has-post-thumbnail","6":"product_cat-koszulki-wszystkie","7":"product_cat-koszulki-dla-niego-produkty","8":"product_cat-dla-niego","9":"product_cat-wszystkie-dla-niego","11":"first","12":"instock","13":"shipping-taxable","14":"purchasable","15":"product-type-variable","16":"has-default-attributes","17":"add-to-wishlist-after_add_to_cart"},"yoast_head":"<!-- This site is optimized with the Yoast SEO plugin v26.9 - https:\/\/yoast.com\/product\/yoast-seo-wordpress\/ -->\n<title>Koszulka JEDZENIE JEST ZBYT DOBRE \u017bEBY BY\u0106 CHUDYM - Staszewscy.pl<\/title>\n<meta name=\"robots\" content=\"index, follow, max-snippet:-1, max-image-preview:large, max-video-preview:-1\" \/>\n<link rel=\"canonical\" href=\"https:\/\/staszewscy.pl\/index.php\/produkt\/koszulka-jedzenie-jest-zbyt-dobre-zeby-byc-chudym\/\" \/>\n<meta property=\"og:locale\" content=\"pl_PL\" \/>\n<meta property=\"og:type\" content=\"article\" \/>\n<meta property=\"og:title\" content=\"Koszulka JEDZENIE JEST ZBYT DOBRE \u017bEBY BY\u0106 CHUDYM - Staszewscy.pl\" \/>\n<meta property=\"og:description\" content=\"Koszulka dla os\u00f3b u kt\u00f3rych jedzenie wywo\u0142uje przyjemno\u015b\u0107.\" \/>\n<meta property=\"og:url\" content=\"https:\/\/staszewscy.pl\/index.php\/produkt\/koszulka-jedzenie-jest-zbyt-dobre-zeby-byc-chudym\/\" \/>\n<meta property=\"og:site_name\" content=\"Staszewscy.pl\" \/>\n<meta property=\"article:publisher\" content=\"https:\/\/www.facebook.com\/koszulkownia\" \/>\n<meta property=\"article:modified_time\" content=\"2024-07-02T18:00:05+00:00\" \/>\n<meta property=\"og:image\" content=\"https:\/\/staszewscy.pl\/wp-content\/uploads\/2024\/07\/jedzenie1.jpg\" \/>\n\t<meta property=\"og:image:width\" content=\"600\" \/>\n\t<meta property=\"og:image:height\" content=\"800\" \/>\n\t<meta property=\"og:image:type\" content=\"image\/jpeg\" \/>\n<meta name=\"twitter:card\" content=\"summary_large_image\" \/>\n<meta name=\"twitter:label1\" content=\"Szacowany czas czytania\" \/>\n\t<meta name=\"twitter:data1\" content=\"1 minuta\" \/>\n<script type=\"application\/ld+json\" class=\"yoast-schema-graph\">{\"@context\":\"https:\/\/schema.org\",\"@graph\":[{\"@type\":\"WebPage\",\"@id\":\"https:\/\/staszewscy.pl\/index.php\/produkt\/koszulka-jedzenie-jest-zbyt-dobre-zeby-byc-chudym\/\",\"url\":\"https:\/\/staszewscy.pl\/index.php\/produkt\/koszulka-jedzenie-jest-zbyt-dobre-zeby-byc-chudym\/\",\"name\":\"Koszulka JEDZENIE JEST ZBYT DOBRE \u017bEBY BY\u0106 CHUDYM - Staszewscy.pl\",\"isPartOf\":{\"@id\":\"https:\/\/staszewscy.pl\/#website\"},\"primaryImageOfPage\":{\"@id\":\"https:\/\/staszewscy.pl\/index.php\/produkt\/koszulka-jedzenie-jest-zbyt-dobre-zeby-byc-chudym\/#primaryimage\"},\"image\":{\"@id\":\"https:\/\/staszewscy.pl\/index.php\/produkt\/koszulka-jedzenie-jest-zbyt-dobre-zeby-byc-chudym\/#primaryimage\"},\"thumbnailUrl\":\"https:\/\/staszewscy.pl\/wp-content\/uploads\/2024\/07\/jedzenie1.jpg\",\"datePublished\":\"2024-07-02T14:36:05+00:00\",\"dateModified\":\"2024-07-02T18:00:05+00:00\",\"breadcrumb\":{\"@id\":\"https:\/\/staszewscy.pl\/index.php\/produkt\/koszulka-jedzenie-jest-zbyt-dobre-zeby-byc-chudym\/#breadcrumb\"},\"inLanguage\":\"pl-PL\",\"potentialAction\":[{\"@type\":\"ReadAction\",\"target\":[\"https:\/\/staszewscy.pl\/index.php\/produkt\/koszulka-jedzenie-jest-zbyt-dobre-zeby-byc-chudym\/\"]}]},{\"@type\":\"ImageObject\",\"inLanguage\":\"pl-PL\",\"@id\":\"https:\/\/staszewscy.pl\/index.php\/produkt\/koszulka-jedzenie-jest-zbyt-dobre-zeby-byc-chudym\/#primaryimage\",\"url\":\"https:\/\/staszewscy.pl\/wp-content\/uploads\/2024\/07\/jedzenie1.jpg\",\"contentUrl\":\"https:\/\/staszewscy.pl\/wp-content\/uploads\/2024\/07\/jedzenie1.jpg\",\"width\":600,\"height\":800},{\"@type\":\"BreadcrumbList\",\"@id\":\"https:\/\/staszewscy.pl\/index.php\/produkt\/koszulka-jedzenie-jest-zbyt-dobre-zeby-byc-chudym\/#breadcrumb\",\"itemListElement\":[{\"@type\":\"ListItem\",\"position\":1,\"name\":\"Strona g\u0142\u00f3wna\",\"item\":\"https:\/\/staszewscy.pl\/\"},{\"@type\":\"ListItem\",\"position\":2,\"name\":\"Shop\",\"item\":\"https:\/\/staszewscy.pl\/index.php\/shop-2\/\"},{\"@type\":\"ListItem\",\"position\":3,\"name\":\"Koszulka JEDZENIE JEST ZBYT DOBRE \u017bEBY BY\u0106 CHUDYM\"}]},{\"@type\":\"WebSite\",\"@id\":\"https:\/\/staszewscy.pl\/#website\",\"url\":\"https:\/\/staszewscy.pl\/\",\"name\":\"Koszulkownia.pl\",\"description\":\"Koszulki z nadrukiem, prezenty, odzie\u017c na eventy\",\"publisher\":{\"@id\":\"https:\/\/staszewscy.pl\/#organization\"},\"potentialAction\":[{\"@type\":\"SearchAction\",\"target\":{\"@type\":\"EntryPoint\",\"urlTemplate\":\"https:\/\/staszewscy.pl\/?s={search_term_string}\"},\"query-input\":{\"@type\":\"PropertyValueSpecification\",\"valueRequired\":true,\"valueName\":\"search_term_string\"}}],\"inLanguage\":\"pl-PL\"},{\"@type\":\"Organization\",\"@id\":\"https:\/\/staszewscy.pl\/#organization\",\"name\":\"Koszulkownia.pl\",\"url\":\"https:\/\/staszewscy.pl\/\",\"logo\":{\"@type\":\"ImageObject\",\"inLanguage\":\"pl-PL\",\"@id\":\"https:\/\/staszewscy.pl\/#\/schema\/logo\/image\/\",\"url\":\"https:\/\/staszewscy.pl\/wp-content\/uploads\/2023\/09\/koszulkownia-logo-1576521554.png\",\"contentUrl\":\"https:\/\/staszewscy.pl\/wp-content\/uploads\/2023\/09\/koszulkownia-logo-1576521554.png\",\"width\":340,\"height\":72,\"caption\":\"Koszulkownia.pl\"},\"image\":{\"@id\":\"https:\/\/staszewscy.pl\/#\/schema\/logo\/image\/\"},\"sameAs\":[\"https:\/\/www.facebook.com\/koszulkownia\",\"https:\/\/www.instagram.com\/koszulkownia\/\",\"https:\/\/www.youtube.com\/@staszewscy.pl_koszulkownia6107\"]}]}<\/script>\n<!-- \/ Yoast SEO plugin. -->","yoast_head_json":{"title":"Koszulka JEDZENIE JEST ZBYT DOBRE \u017bEBY BY\u0106 CHUDYM - Staszewscy.pl","robots":{"index":"index","follow":"follow","max-snippet":"max-snippet:-1","max-image-preview":"max-image-preview:large","max-video-preview":"max-video-preview:-1"},"canonical":"https:\/\/staszewscy.pl\/index.php\/produkt\/koszulka-jedzenie-jest-zbyt-dobre-zeby-byc-chudym\/","og_locale":"pl_PL","og_type":"article","og_title":"Koszulka JEDZENIE JEST ZBYT DOBRE \u017bEBY BY\u0106 CHUDYM - Staszewscy.pl","og_description":"Koszulka dla os\u00f3b u kt\u00f3rych jedzenie wywo\u0142uje przyjemno\u015b\u0107.","og_url":"https:\/\/staszewscy.pl\/index.php\/produkt\/koszulka-jedzenie-jest-zbyt-dobre-zeby-byc-chudym\/","og_site_name":"Staszewscy.pl","article_publisher":"https:\/\/www.facebook.com\/koszulkownia","article_modified_time":"2024-07-02T18:00:05+00:00","og_image":[{"width":600,"height":800,"url":"https:\/\/staszewscy.pl\/wp-content\/uploads\/2024\/07\/jedzenie1.jpg","type":"image\/jpeg"}],"twitter_card":"summary_large_image","twitter_misc":{"Szacowany czas czytania":"1 minuta"},"schema":{"@context":"https:\/\/schema.org","@graph":[{"@type":"WebPage","@id":"https:\/\/staszewscy.pl\/index.php\/produkt\/koszulka-jedzenie-jest-zbyt-dobre-zeby-byc-chudym\/","url":"https:\/\/staszewscy.pl\/index.php\/produkt\/koszulka-jedzenie-jest-zbyt-dobre-zeby-byc-chudym\/","name":"Koszulka JEDZENIE JEST ZBYT DOBRE \u017bEBY BY\u0106 CHUDYM - Staszewscy.pl","isPartOf":{"@id":"https:\/\/staszewscy.pl\/#website"},"primaryImageOfPage":{"@id":"https:\/\/staszewscy.pl\/index.php\/produkt\/koszulka-jedzenie-jest-zbyt-dobre-zeby-byc-chudym\/#primaryimage"},"image":{"@id":"https:\/\/staszewscy.pl\/index.php\/produkt\/koszulka-jedzenie-jest-zbyt-dobre-zeby-byc-chudym\/#primaryimage"},"thumbnailUrl":"https:\/\/staszewscy.pl\/wp-content\/uploads\/2024\/07\/jedzenie1.jpg","datePublished":"2024-07-02T14:36:05+00:00","dateModified":"2024-07-02T18:00:05+00:00","breadcrumb":{"@id":"https:\/\/staszewscy.pl\/index.php\/produkt\/koszulka-jedzenie-jest-zbyt-dobre-zeby-byc-chudym\/#breadcrumb"},"inLanguage":"pl-PL","potentialAction":[{"@type":"ReadAction","target":["https:\/\/staszewscy.pl\/index.php\/produkt\/koszulka-jedzenie-jest-zbyt-dobre-zeby-byc-chudym\/"]}]},{"@type":"ImageObject","inLanguage":"pl-PL","@id":"https:\/\/staszewscy.pl\/index.php\/produkt\/koszulka-jedzenie-jest-zbyt-dobre-zeby-byc-chudym\/#primaryimage","url":"https:\/\/staszewscy.pl\/wp-content\/uploads\/2024\/07\/jedzenie1.jpg","contentUrl":"https:\/\/staszewscy.pl\/wp-content\/uploads\/2024\/07\/jedzenie1.jpg","width":600,"height":800},{"@type":"BreadcrumbList","@id":"https:\/\/staszewscy.pl\/index.php\/produkt\/koszulka-jedzenie-jest-zbyt-dobre-zeby-byc-chudym\/#breadcrumb","itemListElement":[{"@type":"ListItem","position":1,"name":"Strona g\u0142\u00f3wna","item":"https:\/\/staszewscy.pl\/"},{"@type":"ListItem","position":2,"name":"Shop","item":"https:\/\/staszewscy.pl\/index.php\/shop-2\/"},{"@type":"ListItem","position":3,"name":"Koszulka JEDZENIE JEST ZBYT DOBRE \u017bEBY BY\u0106 CHUDYM"}]},{"@type":"WebSite","@id":"https:\/\/staszewscy.pl\/#website","url":"https:\/\/staszewscy.pl\/","name":"Koszulkownia.pl","description":"Koszulki z nadrukiem, prezenty, odzie\u017c na eventy","publisher":{"@id":"https:\/\/staszewscy.pl\/#organization"},"potentialAction":[{"@type":"SearchAction","target":{"@type":"EntryPoint","urlTemplate":"https:\/\/staszewscy.pl\/?s={search_term_string}"},"query-input":{"@type":"PropertyValueSpecification","valueRequired":true,"valueName":"search_term_string"}}],"inLanguage":"pl-PL"},{"@type":"Organization","@id":"https:\/\/staszewscy.pl\/#organization","name":"Koszulkownia.pl","url":"https:\/\/staszewscy.pl\/","logo":{"@type":"ImageObject","inLanguage":"pl-PL","@id":"https:\/\/staszewscy.pl\/#\/schema\/logo\/image\/","url":"https:\/\/staszewscy.pl\/wp-content\/uploads\/2023\/09\/koszulkownia-logo-1576521554.png","contentUrl":"https:\/\/staszewscy.pl\/wp-content\/uploads\/2023\/09\/koszulkownia-logo-1576521554.png","width":340,"height":72,"caption":"Koszulkownia.pl"},"image":{"@id":"https:\/\/staszewscy.pl\/#\/schema\/logo\/image\/"},"sameAs":["https:\/\/www.facebook.com\/koszulkownia","https:\/\/www.instagram.com\/koszulkownia\/","https:\/\/www.youtube.com\/@staszewscy.pl_koszulkownia6107"]}]}},"jetpack_sharing_enabled":true,"_links":{"self":[{"href":"https:\/\/staszewscy.pl\/index.php\/wp-json\/wp\/v2\/product\/18721","targetHints":{"allow":["GET"]}}],"collection":[{"href":"https:\/\/staszewscy.pl\/index.php\/wp-json\/wp\/v2\/product"}],"about":[{"href":"https:\/\/staszewscy.pl\/index.php\/wp-json\/wp\/v2\/types\/product"}],"version-history":[{"count":2,"href":"https:\/\/staszewscy.pl\/index.php\/wp-json\/wp\/v2\/product\/18721\/revisions"}],"predecessor-version":[{"id":18810,"href":"https:\/\/staszewscy.pl\/index.php\/wp-json\/wp\/v2\/product\/18721\/revisions\/18810"}],"wp:featuredmedia":[{"embeddable":true,"href":"https:\/\/staszewscy.pl\/index.php\/wp-json\/wp\/v2\/media\/18506"}],"wp:attachment":[{"href":"https:\/\/staszewscy.pl\/index.php\/wp-json\/wp\/v2\/media?parent=18721"}],"wp:term":[{"taxonomy":"product_brand","embeddable":true,"href":"https:\/\/staszewscy.pl\/index.php\/wp-json\/wp\/v2\/product_brand?post=18721"},{"taxonomy":"product_cat","embeddable":true,"href":"https:\/\/staszewscy.pl\/index.php\/wp-json\/wp\/v2\/product_cat?post=18721"},{"taxonomy":"product_tag","embeddable":true,"href":"https:\/\/staszewscy.pl\/index.php\/wp-json\/wp\/v2\/product_tag?post=18721"}],"curies":[{"name":"wp","href":"https:\/\/api.w.org\/{rel}","templated":true}]}}