{"id":199,"date":"2020-02-11T12:57:10","date_gmt":"2020-02-11T12:57:10","guid":{"rendered":"https:\/\/staszewscy.pl\/index.php\/produkt\/kubek-gl%c2%82odomorek-z-miejscem-na-ciastko\/"},"modified":"2024-06-12T14:06:16","modified_gmt":"2024-06-12T14:06:16","slug":"kubek-glodomorek-z-miejscem-na-ciastko","status":"publish","type":"product","link":"https:\/\/staszewscy.pl\/index.php\/produkt\/kubek-glodomorek-z-miejscem-na-ciastko\/","title":{"rendered":"Kubek G\u0141ODOMOREK z miejscem na ciastko"},"content":{"rendered":"<p>Zabawny kubeczek z miejscem na ciasteczko lub co\u015b s\u0142odkiego.<\/p>\n<p>Zapakowane w pude\u0142ko. Super na prezent.<\/p>\n<p>Pojemno\u015b\u0107 napoju oko\u0142o 225ml<\/p>\n<p><em>[Cukierek ani ciasteczko nie jest w zestawie, jedynie kartonik ze zdj\u0119ciem ciastka]<\/em><\/p>\n","protected":false},"excerpt":{"rendered":"<p>Kubek &#8220;G\u0141ODOMOREK&#8221; z miejscem na ciasteczko.<\/p>\n","protected":false},"featured_media":196,"template":"","meta":[],"product_brand":[],"product_cat":[37,66,35,168],"product_tag":[],"class_list":{"0":"post-199","1":"product","2":"type-product","3":"status-publish","4":"has-post-thumbnail","6":"product_cat-dom","7":"product_cat-kubki","8":"product_cat-junior","9":"product_cat-maluchy","11":"first","12":"instock","13":"shipping-taxable","14":"purchasable","15":"product-type-simple","16":"add-to-wishlist-after_add_to_cart"},"yoast_head":"<!-- This site is optimized with the Yoast SEO plugin v26.9 - https:\/\/yoast.com\/product\/yoast-seo-wordpress\/ -->\n<title>Kubek G\u0141ODOMOREK z miejscem na ciastko - Staszewscy.pl<\/title>\n<meta name=\"robots\" content=\"index, follow, max-snippet:-1, max-image-preview:large, max-video-preview:-1\" \/>\n<link rel=\"canonical\" href=\"https:\/\/staszewscy.pl\/index.php\/produkt\/kubek-glodomorek-z-miejscem-na-ciastko\/\" \/>\n<meta property=\"og:locale\" content=\"pl_PL\" \/>\n<meta property=\"og:type\" content=\"article\" \/>\n<meta property=\"og:title\" content=\"Kubek G\u0141ODOMOREK z miejscem na ciastko - Staszewscy.pl\" \/>\n<meta property=\"og:description\" content=\"Kubek &quot;G\u0141ODOMOREK&quot; z miejscem na ciasteczko.\" \/>\n<meta property=\"og:url\" content=\"https:\/\/staszewscy.pl\/index.php\/produkt\/kubek-glodomorek-z-miejscem-na-ciastko\/\" \/>\n<meta property=\"og:site_name\" content=\"Staszewscy.pl\" \/>\n<meta property=\"article:publisher\" content=\"https:\/\/www.facebook.com\/koszulkownia\" \/>\n<meta property=\"article:modified_time\" content=\"2024-06-12T14:06:16+00:00\" \/>\n<meta property=\"og:image\" content=\"https:\/\/staszewscy.pl\/wp-content\/uploads\/2020\/02\/183-62f-Kubek-GL\u0081ODOMOREK-z-miejscem-na-ciastko.jpg\" \/>\n\t<meta property=\"og:image:width\" content=\"666\" \/>\n\t<meta property=\"og:image:height\" content=\"731\" \/>\n\t<meta property=\"og:image:type\" content=\"image\/jpeg\" \/>\n<meta name=\"twitter:card\" content=\"summary_large_image\" \/>\n<meta name=\"twitter:label1\" content=\"Szacowany czas czytania\" \/>\n\t<meta name=\"twitter:data1\" content=\"1 minuta\" \/>\n<script type=\"application\/ld+json\" class=\"yoast-schema-graph\">{\"@context\":\"https:\/\/schema.org\",\"@graph\":[{\"@type\":\"WebPage\",\"@id\":\"https:\/\/staszewscy.pl\/index.php\/produkt\/kubek-glodomorek-z-miejscem-na-ciastko\/\",\"url\":\"https:\/\/staszewscy.pl\/index.php\/produkt\/kubek-glodomorek-z-miejscem-na-ciastko\/\",\"name\":\"Kubek G\u0141ODOMOREK z miejscem na ciastko - Staszewscy.pl\",\"isPartOf\":{\"@id\":\"https:\/\/staszewscy.pl\/#website\"},\"primaryImageOfPage\":{\"@id\":\"https:\/\/staszewscy.pl\/index.php\/produkt\/kubek-glodomorek-z-miejscem-na-ciastko\/#primaryimage\"},\"image\":{\"@id\":\"https:\/\/staszewscy.pl\/index.php\/produkt\/kubek-glodomorek-z-miejscem-na-ciastko\/#primaryimage\"},\"thumbnailUrl\":\"https:\/\/staszewscy.pl\/wp-content\/uploads\/2020\/02\/183-62f-Kubek-GL\u0081ODOMOREK-z-miejscem-na-ciastko.jpg\",\"datePublished\":\"2020-02-11T12:57:10+00:00\",\"dateModified\":\"2024-06-12T14:06:16+00:00\",\"breadcrumb\":{\"@id\":\"https:\/\/staszewscy.pl\/index.php\/produkt\/kubek-glodomorek-z-miejscem-na-ciastko\/#breadcrumb\"},\"inLanguage\":\"pl-PL\",\"potentialAction\":[{\"@type\":\"ReadAction\",\"target\":[\"https:\/\/staszewscy.pl\/index.php\/produkt\/kubek-glodomorek-z-miejscem-na-ciastko\/\"]}]},{\"@type\":\"ImageObject\",\"inLanguage\":\"pl-PL\",\"@id\":\"https:\/\/staszewscy.pl\/index.php\/produkt\/kubek-glodomorek-z-miejscem-na-ciastko\/#primaryimage\",\"url\":\"https:\/\/staszewscy.pl\/wp-content\/uploads\/2020\/02\/183-62f-Kubek-GL\u0081ODOMOREK-z-miejscem-na-ciastko.jpg\",\"contentUrl\":\"https:\/\/staszewscy.pl\/wp-content\/uploads\/2020\/02\/183-62f-Kubek-GL\u0081ODOMOREK-z-miejscem-na-ciastko.jpg\",\"width\":666,\"height\":731,\"caption\":\"Kubek G\u0139\u0081ODOMOREK z miejscem na ciastko\"},{\"@type\":\"BreadcrumbList\",\"@id\":\"https:\/\/staszewscy.pl\/index.php\/produkt\/kubek-glodomorek-z-miejscem-na-ciastko\/#breadcrumb\",\"itemListElement\":[{\"@type\":\"ListItem\",\"position\":1,\"name\":\"Strona g\u0142\u00f3wna\",\"item\":\"https:\/\/staszewscy.pl\/\"},{\"@type\":\"ListItem\",\"position\":2,\"name\":\"Shop\",\"item\":\"https:\/\/staszewscy.pl\/index.php\/shop-2\/\"},{\"@type\":\"ListItem\",\"position\":3,\"name\":\"Kubek G\u0141ODOMOREK z miejscem na ciastko\"}]},{\"@type\":\"WebSite\",\"@id\":\"https:\/\/staszewscy.pl\/#website\",\"url\":\"https:\/\/staszewscy.pl\/\",\"name\":\"Koszulkownia.pl\",\"description\":\"Koszulki z nadrukiem, prezenty, odzie\u017c na eventy\",\"publisher\":{\"@id\":\"https:\/\/staszewscy.pl\/#organization\"},\"potentialAction\":[{\"@type\":\"SearchAction\",\"target\":{\"@type\":\"EntryPoint\",\"urlTemplate\":\"https:\/\/staszewscy.pl\/?s={search_term_string}\"},\"query-input\":{\"@type\":\"PropertyValueSpecification\",\"valueRequired\":true,\"valueName\":\"search_term_string\"}}],\"inLanguage\":\"pl-PL\"},{\"@type\":\"Organization\",\"@id\":\"https:\/\/staszewscy.pl\/#organization\",\"name\":\"Koszulkownia.pl\",\"url\":\"https:\/\/staszewscy.pl\/\",\"logo\":{\"@type\":\"ImageObject\",\"inLanguage\":\"pl-PL\",\"@id\":\"https:\/\/staszewscy.pl\/#\/schema\/logo\/image\/\",\"url\":\"https:\/\/staszewscy.pl\/wp-content\/uploads\/2023\/09\/koszulkownia-logo-1576521554.png\",\"contentUrl\":\"https:\/\/staszewscy.pl\/wp-content\/uploads\/2023\/09\/koszulkownia-logo-1576521554.png\",\"width\":340,\"height\":72,\"caption\":\"Koszulkownia.pl\"},\"image\":{\"@id\":\"https:\/\/staszewscy.pl\/#\/schema\/logo\/image\/\"},\"sameAs\":[\"https:\/\/www.facebook.com\/koszulkownia\",\"https:\/\/www.instagram.com\/koszulkownia\/\",\"https:\/\/www.youtube.com\/@staszewscy.pl_koszulkownia6107\"]}]}<\/script>\n<!-- \/ Yoast SEO plugin. -->","yoast_head_json":{"title":"Kubek G\u0141ODOMOREK z miejscem na ciastko - Staszewscy.pl","robots":{"index":"index","follow":"follow","max-snippet":"max-snippet:-1","max-image-preview":"max-image-preview:large","max-video-preview":"max-video-preview:-1"},"canonical":"https:\/\/staszewscy.pl\/index.php\/produkt\/kubek-glodomorek-z-miejscem-na-ciastko\/","og_locale":"pl_PL","og_type":"article","og_title":"Kubek G\u0141ODOMOREK z miejscem na ciastko - Staszewscy.pl","og_description":"Kubek \"G\u0141ODOMOREK\" z miejscem na ciasteczko.","og_url":"https:\/\/staszewscy.pl\/index.php\/produkt\/kubek-glodomorek-z-miejscem-na-ciastko\/","og_site_name":"Staszewscy.pl","article_publisher":"https:\/\/www.facebook.com\/koszulkownia","article_modified_time":"2024-06-12T14:06:16+00:00","og_image":[{"width":666,"height":731,"url":"https:\/\/staszewscy.pl\/wp-content\/uploads\/2020\/02\/183-62f-Kubek-GL\u0081ODOMOREK-z-miejscem-na-ciastko.jpg","type":"image\/jpeg"}],"twitter_card":"summary_large_image","twitter_misc":{"Szacowany czas czytania":"1 minuta"},"schema":{"@context":"https:\/\/schema.org","@graph":[{"@type":"WebPage","@id":"https:\/\/staszewscy.pl\/index.php\/produkt\/kubek-glodomorek-z-miejscem-na-ciastko\/","url":"https:\/\/staszewscy.pl\/index.php\/produkt\/kubek-glodomorek-z-miejscem-na-ciastko\/","name":"Kubek G\u0141ODOMOREK z miejscem na ciastko - Staszewscy.pl","isPartOf":{"@id":"https:\/\/staszewscy.pl\/#website"},"primaryImageOfPage":{"@id":"https:\/\/staszewscy.pl\/index.php\/produkt\/kubek-glodomorek-z-miejscem-na-ciastko\/#primaryimage"},"image":{"@id":"https:\/\/staszewscy.pl\/index.php\/produkt\/kubek-glodomorek-z-miejscem-na-ciastko\/#primaryimage"},"thumbnailUrl":"https:\/\/staszewscy.pl\/wp-content\/uploads\/2020\/02\/183-62f-Kubek-GL\u0081ODOMOREK-z-miejscem-na-ciastko.jpg","datePublished":"2020-02-11T12:57:10+00:00","dateModified":"2024-06-12T14:06:16+00:00","breadcrumb":{"@id":"https:\/\/staszewscy.pl\/index.php\/produkt\/kubek-glodomorek-z-miejscem-na-ciastko\/#breadcrumb"},"inLanguage":"pl-PL","potentialAction":[{"@type":"ReadAction","target":["https:\/\/staszewscy.pl\/index.php\/produkt\/kubek-glodomorek-z-miejscem-na-ciastko\/"]}]},{"@type":"ImageObject","inLanguage":"pl-PL","@id":"https:\/\/staszewscy.pl\/index.php\/produkt\/kubek-glodomorek-z-miejscem-na-ciastko\/#primaryimage","url":"https:\/\/staszewscy.pl\/wp-content\/uploads\/2020\/02\/183-62f-Kubek-GL\u0081ODOMOREK-z-miejscem-na-ciastko.jpg","contentUrl":"https:\/\/staszewscy.pl\/wp-content\/uploads\/2020\/02\/183-62f-Kubek-GL\u0081ODOMOREK-z-miejscem-na-ciastko.jpg","width":666,"height":731,"caption":"Kubek G\u0139\u0081ODOMOREK z miejscem na ciastko"},{"@type":"BreadcrumbList","@id":"https:\/\/staszewscy.pl\/index.php\/produkt\/kubek-glodomorek-z-miejscem-na-ciastko\/#breadcrumb","itemListElement":[{"@type":"ListItem","position":1,"name":"Strona g\u0142\u00f3wna","item":"https:\/\/staszewscy.pl\/"},{"@type":"ListItem","position":2,"name":"Shop","item":"https:\/\/staszewscy.pl\/index.php\/shop-2\/"},{"@type":"ListItem","position":3,"name":"Kubek G\u0141ODOMOREK z miejscem na ciastko"}]},{"@type":"WebSite","@id":"https:\/\/staszewscy.pl\/#website","url":"https:\/\/staszewscy.pl\/","name":"Koszulkownia.pl","description":"Koszulki z nadrukiem, prezenty, odzie\u017c na eventy","publisher":{"@id":"https:\/\/staszewscy.pl\/#organization"},"potentialAction":[{"@type":"SearchAction","target":{"@type":"EntryPoint","urlTemplate":"https:\/\/staszewscy.pl\/?s={search_term_string}"},"query-input":{"@type":"PropertyValueSpecification","valueRequired":true,"valueName":"search_term_string"}}],"inLanguage":"pl-PL"},{"@type":"Organization","@id":"https:\/\/staszewscy.pl\/#organization","name":"Koszulkownia.pl","url":"https:\/\/staszewscy.pl\/","logo":{"@type":"ImageObject","inLanguage":"pl-PL","@id":"https:\/\/staszewscy.pl\/#\/schema\/logo\/image\/","url":"https:\/\/staszewscy.pl\/wp-content\/uploads\/2023\/09\/koszulkownia-logo-1576521554.png","contentUrl":"https:\/\/staszewscy.pl\/wp-content\/uploads\/2023\/09\/koszulkownia-logo-1576521554.png","width":340,"height":72,"caption":"Koszulkownia.pl"},"image":{"@id":"https:\/\/staszewscy.pl\/#\/schema\/logo\/image\/"},"sameAs":["https:\/\/www.facebook.com\/koszulkownia","https:\/\/www.instagram.com\/koszulkownia\/","https:\/\/www.youtube.com\/@staszewscy.pl_koszulkownia6107"]}]}},"jetpack_sharing_enabled":true,"_links":{"self":[{"href":"https:\/\/staszewscy.pl\/index.php\/wp-json\/wp\/v2\/product\/199","targetHints":{"allow":["GET"]}}],"collection":[{"href":"https:\/\/staszewscy.pl\/index.php\/wp-json\/wp\/v2\/product"}],"about":[{"href":"https:\/\/staszewscy.pl\/index.php\/wp-json\/wp\/v2\/types\/product"}],"version-history":[{"count":3,"href":"https:\/\/staszewscy.pl\/index.php\/wp-json\/wp\/v2\/product\/199\/revisions"}],"predecessor-version":[{"id":16907,"href":"https:\/\/staszewscy.pl\/index.php\/wp-json\/wp\/v2\/product\/199\/revisions\/16907"}],"wp:featuredmedia":[{"embeddable":true,"href":"https:\/\/staszewscy.pl\/index.php\/wp-json\/wp\/v2\/media\/196"}],"wp:attachment":[{"href":"https:\/\/staszewscy.pl\/index.php\/wp-json\/wp\/v2\/media?parent=199"}],"wp:term":[{"taxonomy":"product_brand","embeddable":true,"href":"https:\/\/staszewscy.pl\/index.php\/wp-json\/wp\/v2\/product_brand?post=199"},{"taxonomy":"product_cat","embeddable":true,"href":"https:\/\/staszewscy.pl\/index.php\/wp-json\/wp\/v2\/product_cat?post=199"},{"taxonomy":"product_tag","embeddable":true,"href":"https:\/\/staszewscy.pl\/index.php\/wp-json\/wp\/v2\/product_tag?post=199"}],"curies":[{"name":"wp","href":"https:\/\/api.w.org\/{rel}","templated":true}]}}