{"id":233,"date":"2020-02-25T11:05:01","date_gmt":"2020-02-25T11:05:01","guid":{"rendered":"https:\/\/staszewscy.pl\/index.php\/produkt\/kubek-nie-wchodza%c2%99-na-waga%c2%99-mam-la%c2%99k-wysokol%c2%9bci\/"},"modified":"2024-06-12T14:03:49","modified_gmt":"2024-06-12T14:03:49","slug":"kubek-nie-wchodzae-na-wage","status":"publish","type":"product","link":"https:\/\/staszewscy.pl\/index.php\/produkt\/kubek-nie-wchodzae-na-wage\/","title":{"rendered":"Kubek Nie wchodz\u0119 na wag\u0119 mam l\u0119k wysoko\u015bci"},"content":{"rendered":"<p style=\"font-family: Raleway, sans-serif; margin: 0px; font-size: 14px; color: #777777; line-height: 24px; background-color: #f6f6f6;\"><strong>Du\u017cy kubek z napisem: Nie wchodz\u0119 na wag\u0119 mam l\u0119k wysoko\u015bci.<\/strong><\/p>\n<p>&nbsp;<\/p>\n<p style=\"font-family: Raleway, sans-serif; margin: 0px; font-size: 14px; color: #777777; line-height: 24px; background-color: #f6f6f6;\">Zapakowane w pude\u0142ko.\u00a0 Super na prezent.<\/p>\n<p style=\"font-family: Raleway, sans-serif; margin: 0px; font-size: 14px; color: #777777; line-height: 24px; background-color: #f6f6f6;\">Pojemno\u015b\u0107 napoju oko\u0142o <strong>480ml<\/strong><\/p>\n","protected":false},"excerpt":{"rendered":"<p>Du\u017cy Kubek (480ml): Nie wchodz\u0119 na wag\u0119 mam l\u0119k wysoko\u015bci<\/p>\n","protected":false},"featured_media":231,"template":"","meta":[],"product_brand":[],"product_cat":[66],"product_tag":[],"class_list":{"0":"post-233","1":"product","2":"type-product","3":"status-publish","4":"has-post-thumbnail","6":"product_cat-kubki","8":"first","9":"instock","10":"shipping-taxable","11":"purchasable","12":"product-type-simple","13":"add-to-wishlist-after_add_to_cart"},"yoast_head":"<!-- This site is optimized with the Yoast SEO plugin v26.9 - https:\/\/yoast.com\/product\/yoast-seo-wordpress\/ -->\n<title>Kubek Nie wchodz\u0119 na wag\u0119 mam l\u0119k wysoko\u015bci - Staszewscy.pl<\/title>\n<meta name=\"robots\" content=\"index, follow, max-snippet:-1, max-image-preview:large, max-video-preview:-1\" \/>\n<link rel=\"canonical\" href=\"https:\/\/staszewscy.pl\/index.php\/produkt\/kubek-nie-wchodzae-na-wage\/\" \/>\n<meta property=\"og:locale\" content=\"pl_PL\" \/>\n<meta property=\"og:type\" content=\"article\" \/>\n<meta property=\"og:title\" content=\"Kubek Nie wchodz\u0119 na wag\u0119 mam l\u0119k wysoko\u015bci - Staszewscy.pl\" \/>\n<meta property=\"og:description\" content=\"Du\u017cy Kubek (480ml): Nie wchodz\u0119 na wag\u0119 mam l\u0119k wysoko\u015bci\" \/>\n<meta property=\"og:url\" content=\"https:\/\/staszewscy.pl\/index.php\/produkt\/kubek-nie-wchodzae-na-wage\/\" \/>\n<meta property=\"og:site_name\" content=\"Staszewscy.pl\" \/>\n<meta property=\"article:publisher\" content=\"https:\/\/www.facebook.com\/koszulkownia\" \/>\n<meta property=\"article:modified_time\" content=\"2024-06-12T14:03:49+00:00\" \/>\n<meta property=\"og:image\" content=\"https:\/\/staszewscy.pl\/wp-content\/uploads\/2020\/02\/216-30e-Kubek-Nie-wchodzA\u0099-na-wagA\u0099-mam-lA\u0099k-wysokoL\u009bci.jpg\" \/>\n\t<meta property=\"og:image:width\" content=\"896\" \/>\n\t<meta property=\"og:image:height\" content=\"919\" \/>\n\t<meta property=\"og:image:type\" content=\"image\/jpeg\" \/>\n<meta name=\"twitter:card\" content=\"summary_large_image\" \/>\n<meta name=\"twitter:label1\" content=\"Szacowany czas czytania\" \/>\n\t<meta name=\"twitter:data1\" content=\"1 minuta\" \/>\n<script type=\"application\/ld+json\" class=\"yoast-schema-graph\">{\"@context\":\"https:\/\/schema.org\",\"@graph\":[{\"@type\":\"WebPage\",\"@id\":\"https:\/\/staszewscy.pl\/index.php\/produkt\/kubek-nie-wchodzae-na-wage\/\",\"url\":\"https:\/\/staszewscy.pl\/index.php\/produkt\/kubek-nie-wchodzae-na-wage\/\",\"name\":\"Kubek Nie wchodz\u0119 na wag\u0119 mam l\u0119k wysoko\u015bci - Staszewscy.pl\",\"isPartOf\":{\"@id\":\"https:\/\/staszewscy.pl\/#website\"},\"primaryImageOfPage\":{\"@id\":\"https:\/\/staszewscy.pl\/index.php\/produkt\/kubek-nie-wchodzae-na-wage\/#primaryimage\"},\"image\":{\"@id\":\"https:\/\/staszewscy.pl\/index.php\/produkt\/kubek-nie-wchodzae-na-wage\/#primaryimage\"},\"thumbnailUrl\":\"https:\/\/staszewscy.pl\/wp-content\/uploads\/2020\/02\/216-30e-Kubek-Nie-wchodzA\u0099-na-wagA\u0099-mam-lA\u0099k-wysokoL\u009bci.jpg\",\"datePublished\":\"2020-02-25T11:05:01+00:00\",\"dateModified\":\"2024-06-12T14:03:49+00:00\",\"breadcrumb\":{\"@id\":\"https:\/\/staszewscy.pl\/index.php\/produkt\/kubek-nie-wchodzae-na-wage\/#breadcrumb\"},\"inLanguage\":\"pl-PL\",\"potentialAction\":[{\"@type\":\"ReadAction\",\"target\":[\"https:\/\/staszewscy.pl\/index.php\/produkt\/kubek-nie-wchodzae-na-wage\/\"]}]},{\"@type\":\"ImageObject\",\"inLanguage\":\"pl-PL\",\"@id\":\"https:\/\/staszewscy.pl\/index.php\/produkt\/kubek-nie-wchodzae-na-wage\/#primaryimage\",\"url\":\"https:\/\/staszewscy.pl\/wp-content\/uploads\/2020\/02\/216-30e-Kubek-Nie-wchodzA\u0099-na-wagA\u0099-mam-lA\u0099k-wysokoL\u009bci.jpg\",\"contentUrl\":\"https:\/\/staszewscy.pl\/wp-content\/uploads\/2020\/02\/216-30e-Kubek-Nie-wchodzA\u0099-na-wagA\u0099-mam-lA\u0099k-wysokoL\u009bci.jpg\",\"width\":896,\"height\":919,\"caption\":\"Kubek Nie wchodz\u00c4\u0099 na wag\u00c4\u0099 mam l\u00c4\u0099k wysoko\u0139\u009bci\"},{\"@type\":\"BreadcrumbList\",\"@id\":\"https:\/\/staszewscy.pl\/index.php\/produkt\/kubek-nie-wchodzae-na-wage\/#breadcrumb\",\"itemListElement\":[{\"@type\":\"ListItem\",\"position\":1,\"name\":\"Strona g\u0142\u00f3wna\",\"item\":\"https:\/\/staszewscy.pl\/\"},{\"@type\":\"ListItem\",\"position\":2,\"name\":\"Shop\",\"item\":\"https:\/\/staszewscy.pl\/index.php\/shop-2\/\"},{\"@type\":\"ListItem\",\"position\":3,\"name\":\"Kubek Nie wchodz\u0119 na wag\u0119 mam l\u0119k wysoko\u015bci\"}]},{\"@type\":\"WebSite\",\"@id\":\"https:\/\/staszewscy.pl\/#website\",\"url\":\"https:\/\/staszewscy.pl\/\",\"name\":\"Koszulkownia.pl\",\"description\":\"Koszulki z nadrukiem, prezenty, odzie\u017c na eventy\",\"publisher\":{\"@id\":\"https:\/\/staszewscy.pl\/#organization\"},\"potentialAction\":[{\"@type\":\"SearchAction\",\"target\":{\"@type\":\"EntryPoint\",\"urlTemplate\":\"https:\/\/staszewscy.pl\/?s={search_term_string}\"},\"query-input\":{\"@type\":\"PropertyValueSpecification\",\"valueRequired\":true,\"valueName\":\"search_term_string\"}}],\"inLanguage\":\"pl-PL\"},{\"@type\":\"Organization\",\"@id\":\"https:\/\/staszewscy.pl\/#organization\",\"name\":\"Koszulkownia.pl\",\"url\":\"https:\/\/staszewscy.pl\/\",\"logo\":{\"@type\":\"ImageObject\",\"inLanguage\":\"pl-PL\",\"@id\":\"https:\/\/staszewscy.pl\/#\/schema\/logo\/image\/\",\"url\":\"https:\/\/staszewscy.pl\/wp-content\/uploads\/2023\/09\/koszulkownia-logo-1576521554.png\",\"contentUrl\":\"https:\/\/staszewscy.pl\/wp-content\/uploads\/2023\/09\/koszulkownia-logo-1576521554.png\",\"width\":340,\"height\":72,\"caption\":\"Koszulkownia.pl\"},\"image\":{\"@id\":\"https:\/\/staszewscy.pl\/#\/schema\/logo\/image\/\"},\"sameAs\":[\"https:\/\/www.facebook.com\/koszulkownia\",\"https:\/\/www.instagram.com\/koszulkownia\/\",\"https:\/\/www.youtube.com\/@staszewscy.pl_koszulkownia6107\"]}]}<\/script>\n<!-- \/ Yoast SEO plugin. -->","yoast_head_json":{"title":"Kubek Nie wchodz\u0119 na wag\u0119 mam l\u0119k wysoko\u015bci - Staszewscy.pl","robots":{"index":"index","follow":"follow","max-snippet":"max-snippet:-1","max-image-preview":"max-image-preview:large","max-video-preview":"max-video-preview:-1"},"canonical":"https:\/\/staszewscy.pl\/index.php\/produkt\/kubek-nie-wchodzae-na-wage\/","og_locale":"pl_PL","og_type":"article","og_title":"Kubek Nie wchodz\u0119 na wag\u0119 mam l\u0119k wysoko\u015bci - Staszewscy.pl","og_description":"Du\u017cy Kubek (480ml): Nie wchodz\u0119 na wag\u0119 mam l\u0119k wysoko\u015bci","og_url":"https:\/\/staszewscy.pl\/index.php\/produkt\/kubek-nie-wchodzae-na-wage\/","og_site_name":"Staszewscy.pl","article_publisher":"https:\/\/www.facebook.com\/koszulkownia","article_modified_time":"2024-06-12T14:03:49+00:00","og_image":[{"width":896,"height":919,"url":"https:\/\/staszewscy.pl\/wp-content\/uploads\/2020\/02\/216-30e-Kubek-Nie-wchodzA\u0099-na-wagA\u0099-mam-lA\u0099k-wysokoL\u009bci.jpg","type":"image\/jpeg"}],"twitter_card":"summary_large_image","twitter_misc":{"Szacowany czas czytania":"1 minuta"},"schema":{"@context":"https:\/\/schema.org","@graph":[{"@type":"WebPage","@id":"https:\/\/staszewscy.pl\/index.php\/produkt\/kubek-nie-wchodzae-na-wage\/","url":"https:\/\/staszewscy.pl\/index.php\/produkt\/kubek-nie-wchodzae-na-wage\/","name":"Kubek Nie wchodz\u0119 na wag\u0119 mam l\u0119k wysoko\u015bci - Staszewscy.pl","isPartOf":{"@id":"https:\/\/staszewscy.pl\/#website"},"primaryImageOfPage":{"@id":"https:\/\/staszewscy.pl\/index.php\/produkt\/kubek-nie-wchodzae-na-wage\/#primaryimage"},"image":{"@id":"https:\/\/staszewscy.pl\/index.php\/produkt\/kubek-nie-wchodzae-na-wage\/#primaryimage"},"thumbnailUrl":"https:\/\/staszewscy.pl\/wp-content\/uploads\/2020\/02\/216-30e-Kubek-Nie-wchodzA\u0099-na-wagA\u0099-mam-lA\u0099k-wysokoL\u009bci.jpg","datePublished":"2020-02-25T11:05:01+00:00","dateModified":"2024-06-12T14:03:49+00:00","breadcrumb":{"@id":"https:\/\/staszewscy.pl\/index.php\/produkt\/kubek-nie-wchodzae-na-wage\/#breadcrumb"},"inLanguage":"pl-PL","potentialAction":[{"@type":"ReadAction","target":["https:\/\/staszewscy.pl\/index.php\/produkt\/kubek-nie-wchodzae-na-wage\/"]}]},{"@type":"ImageObject","inLanguage":"pl-PL","@id":"https:\/\/staszewscy.pl\/index.php\/produkt\/kubek-nie-wchodzae-na-wage\/#primaryimage","url":"https:\/\/staszewscy.pl\/wp-content\/uploads\/2020\/02\/216-30e-Kubek-Nie-wchodzA\u0099-na-wagA\u0099-mam-lA\u0099k-wysokoL\u009bci.jpg","contentUrl":"https:\/\/staszewscy.pl\/wp-content\/uploads\/2020\/02\/216-30e-Kubek-Nie-wchodzA\u0099-na-wagA\u0099-mam-lA\u0099k-wysokoL\u009bci.jpg","width":896,"height":919,"caption":"Kubek Nie wchodz\u00c4\u0099 na wag\u00c4\u0099 mam l\u00c4\u0099k wysoko\u0139\u009bci"},{"@type":"BreadcrumbList","@id":"https:\/\/staszewscy.pl\/index.php\/produkt\/kubek-nie-wchodzae-na-wage\/#breadcrumb","itemListElement":[{"@type":"ListItem","position":1,"name":"Strona g\u0142\u00f3wna","item":"https:\/\/staszewscy.pl\/"},{"@type":"ListItem","position":2,"name":"Shop","item":"https:\/\/staszewscy.pl\/index.php\/shop-2\/"},{"@type":"ListItem","position":3,"name":"Kubek Nie wchodz\u0119 na wag\u0119 mam l\u0119k wysoko\u015bci"}]},{"@type":"WebSite","@id":"https:\/\/staszewscy.pl\/#website","url":"https:\/\/staszewscy.pl\/","name":"Koszulkownia.pl","description":"Koszulki z nadrukiem, prezenty, odzie\u017c na eventy","publisher":{"@id":"https:\/\/staszewscy.pl\/#organization"},"potentialAction":[{"@type":"SearchAction","target":{"@type":"EntryPoint","urlTemplate":"https:\/\/staszewscy.pl\/?s={search_term_string}"},"query-input":{"@type":"PropertyValueSpecification","valueRequired":true,"valueName":"search_term_string"}}],"inLanguage":"pl-PL"},{"@type":"Organization","@id":"https:\/\/staszewscy.pl\/#organization","name":"Koszulkownia.pl","url":"https:\/\/staszewscy.pl\/","logo":{"@type":"ImageObject","inLanguage":"pl-PL","@id":"https:\/\/staszewscy.pl\/#\/schema\/logo\/image\/","url":"https:\/\/staszewscy.pl\/wp-content\/uploads\/2023\/09\/koszulkownia-logo-1576521554.png","contentUrl":"https:\/\/staszewscy.pl\/wp-content\/uploads\/2023\/09\/koszulkownia-logo-1576521554.png","width":340,"height":72,"caption":"Koszulkownia.pl"},"image":{"@id":"https:\/\/staszewscy.pl\/#\/schema\/logo\/image\/"},"sameAs":["https:\/\/www.facebook.com\/koszulkownia","https:\/\/www.instagram.com\/koszulkownia\/","https:\/\/www.youtube.com\/@staszewscy.pl_koszulkownia6107"]}]}},"jetpack_sharing_enabled":true,"_links":{"self":[{"href":"https:\/\/staszewscy.pl\/index.php\/wp-json\/wp\/v2\/product\/233","targetHints":{"allow":["GET"]}}],"collection":[{"href":"https:\/\/staszewscy.pl\/index.php\/wp-json\/wp\/v2\/product"}],"about":[{"href":"https:\/\/staszewscy.pl\/index.php\/wp-json\/wp\/v2\/types\/product"}],"version-history":[{"count":4,"href":"https:\/\/staszewscy.pl\/index.php\/wp-json\/wp\/v2\/product\/233\/revisions"}],"predecessor-version":[{"id":17325,"href":"https:\/\/staszewscy.pl\/index.php\/wp-json\/wp\/v2\/product\/233\/revisions\/17325"}],"wp:featuredmedia":[{"embeddable":true,"href":"https:\/\/staszewscy.pl\/index.php\/wp-json\/wp\/v2\/media\/231"}],"wp:attachment":[{"href":"https:\/\/staszewscy.pl\/index.php\/wp-json\/wp\/v2\/media?parent=233"}],"wp:term":[{"taxonomy":"product_brand","embeddable":true,"href":"https:\/\/staszewscy.pl\/index.php\/wp-json\/wp\/v2\/product_brand?post=233"},{"taxonomy":"product_cat","embeddable":true,"href":"https:\/\/staszewscy.pl\/index.php\/wp-json\/wp\/v2\/product_cat?post=233"},{"taxonomy":"product_tag","embeddable":true,"href":"https:\/\/staszewscy.pl\/index.php\/wp-json\/wp\/v2\/product_tag?post=233"}],"curies":[{"name":"wp","href":"https:\/\/api.w.org\/{rel}","templated":true}]}}