{"id":389,"date":"2020-05-12T18:18:31","date_gmt":"2020-05-12T18:18:31","guid":{"rendered":"https:\/\/staszewscy.pl\/index.php\/produkt\/mamo-jak-dobrze-lze-jestel%c2%9b-kubek\/"},"modified":"2024-06-12T13:57:17","modified_gmt":"2024-06-12T13:57:17","slug":"mamo-jak-dobrze-ze-jestes-kubek","status":"publish","type":"product","link":"https:\/\/staszewscy.pl\/index.php\/produkt\/mamo-jak-dobrze-ze-jestes-kubek\/","title":{"rendered":"Mamo jak dobrze \u017ce jeste\u015b! &#8211; kubek"},"content":{"rendered":"<p style=\"font-family: Raleway, sans-serif; margin: 0px; font-size: 14px; color: #777777; line-height: 24px; background-color: #f6f6f6;\"><strong>Kubeczek z napisem\u00a0<\/strong><\/p>\n<p style=\"font-family: Raleway, sans-serif; margin: 0px; font-size: 14px; color: #777777; line-height: 24px; background-color: #f6f6f6;\">Zapakowane w pude\u0142ko. Super na prezent.<\/p>\n<p style=\"font-family: Raleway, sans-serif; margin: 0px; font-size: 14px; color: #777777; line-height: 24px; background-color: #f6f6f6;\">Pojemno\u015b\u0107 oko\u0142o 470ml<\/p>\n","protected":false},"excerpt":{"rendered":"<p><em>Kubek typu bary\u0142ka z napisem: &#8220;Mamo jak dobrze \u017ce jeste\u015b\u009b!&#8221;<\/em><\/p>\n","protected":false},"featured_media":387,"template":"","meta":[],"product_brand":[],"product_cat":[66,50],"product_tag":[],"class_list":{"0":"post-389","1":"product","2":"type-product","3":"status-publish","4":"has-post-thumbnail","6":"product_cat-kubki","7":"product_cat-dla-mamy","9":"first","10":"outofstock","11":"shipping-taxable","12":"purchasable","13":"product-type-simple","14":"add-to-wishlist-after_add_to_cart"},"yoast_head":"<!-- This site is optimized with the Yoast SEO plugin v26.9 - https:\/\/yoast.com\/product\/yoast-seo-wordpress\/ -->\n<title>Mamo jak dobrze \u017ce jeste\u015b! - kubek - Staszewscy.pl<\/title>\n<meta name=\"robots\" content=\"index, follow, max-snippet:-1, max-image-preview:large, max-video-preview:-1\" \/>\n<link rel=\"canonical\" href=\"https:\/\/staszewscy.pl\/index.php\/produkt\/mamo-jak-dobrze-ze-jestes-kubek\/\" \/>\n<meta property=\"og:locale\" content=\"pl_PL\" \/>\n<meta property=\"og:type\" content=\"article\" \/>\n<meta property=\"og:title\" content=\"Mamo jak dobrze \u017ce jeste\u015b! - kubek - Staszewscy.pl\" \/>\n<meta property=\"og:description\" content=\"Kubek typu bary\u0142ka z napisem: &quot;Mamo jak dobrze \u017ce jeste\u015b\u009b!&quot;\" \/>\n<meta property=\"og:url\" content=\"https:\/\/staszewscy.pl\/index.php\/produkt\/mamo-jak-dobrze-ze-jestes-kubek\/\" \/>\n<meta property=\"og:site_name\" content=\"Staszewscy.pl\" \/>\n<meta property=\"article:publisher\" content=\"https:\/\/www.facebook.com\/koszulkownia\" \/>\n<meta property=\"article:modified_time\" content=\"2024-06-12T13:57:17+00:00\" \/>\n<meta property=\"og:image\" content=\"https:\/\/staszewscy.pl\/wp-content\/uploads\/2020\/05\/451-0ed-Mamo-jak-dobrze-Lze-jesteL\u009b-kubek.jpg\" \/>\n\t<meta property=\"og:image:width\" content=\"787\" \/>\n\t<meta property=\"og:image:height\" content=\"827\" \/>\n\t<meta property=\"og:image:type\" content=\"image\/jpeg\" \/>\n<meta name=\"twitter:card\" content=\"summary_large_image\" \/>\n<meta name=\"twitter:label1\" content=\"Szacowany czas czytania\" \/>\n\t<meta name=\"twitter:data1\" content=\"1 minuta\" \/>\n<script type=\"application\/ld+json\" class=\"yoast-schema-graph\">{\"@context\":\"https:\/\/schema.org\",\"@graph\":[{\"@type\":\"WebPage\",\"@id\":\"https:\/\/staszewscy.pl\/index.php\/produkt\/mamo-jak-dobrze-ze-jestes-kubek\/\",\"url\":\"https:\/\/staszewscy.pl\/index.php\/produkt\/mamo-jak-dobrze-ze-jestes-kubek\/\",\"name\":\"Mamo jak dobrze \u017ce jeste\u015b! - kubek - Staszewscy.pl\",\"isPartOf\":{\"@id\":\"https:\/\/staszewscy.pl\/#website\"},\"primaryImageOfPage\":{\"@id\":\"https:\/\/staszewscy.pl\/index.php\/produkt\/mamo-jak-dobrze-ze-jestes-kubek\/#primaryimage\"},\"image\":{\"@id\":\"https:\/\/staszewscy.pl\/index.php\/produkt\/mamo-jak-dobrze-ze-jestes-kubek\/#primaryimage\"},\"thumbnailUrl\":\"https:\/\/staszewscy.pl\/wp-content\/uploads\/2020\/05\/451-0ed-Mamo-jak-dobrze-Lze-jesteL\u009b-kubek.jpg\",\"datePublished\":\"2020-05-12T18:18:31+00:00\",\"dateModified\":\"2024-06-12T13:57:17+00:00\",\"breadcrumb\":{\"@id\":\"https:\/\/staszewscy.pl\/index.php\/produkt\/mamo-jak-dobrze-ze-jestes-kubek\/#breadcrumb\"},\"inLanguage\":\"pl-PL\",\"potentialAction\":[{\"@type\":\"ReadAction\",\"target\":[\"https:\/\/staszewscy.pl\/index.php\/produkt\/mamo-jak-dobrze-ze-jestes-kubek\/\"]}]},{\"@type\":\"ImageObject\",\"inLanguage\":\"pl-PL\",\"@id\":\"https:\/\/staszewscy.pl\/index.php\/produkt\/mamo-jak-dobrze-ze-jestes-kubek\/#primaryimage\",\"url\":\"https:\/\/staszewscy.pl\/wp-content\/uploads\/2020\/05\/451-0ed-Mamo-jak-dobrze-Lze-jesteL\u009b-kubek.jpg\",\"contentUrl\":\"https:\/\/staszewscy.pl\/wp-content\/uploads\/2020\/05\/451-0ed-Mamo-jak-dobrze-Lze-jesteL\u009b-kubek.jpg\",\"width\":787,\"height\":827,\"caption\":\"Mamo jak dobrze \u0139\u017ae jeste\u0139\u009b! - kubek\"},{\"@type\":\"BreadcrumbList\",\"@id\":\"https:\/\/staszewscy.pl\/index.php\/produkt\/mamo-jak-dobrze-ze-jestes-kubek\/#breadcrumb\",\"itemListElement\":[{\"@type\":\"ListItem\",\"position\":1,\"name\":\"Strona g\u0142\u00f3wna\",\"item\":\"https:\/\/staszewscy.pl\/\"},{\"@type\":\"ListItem\",\"position\":2,\"name\":\"Shop\",\"item\":\"https:\/\/staszewscy.pl\/index.php\/shop-2\/\"},{\"@type\":\"ListItem\",\"position\":3,\"name\":\"Mamo jak dobrze \u017ce jeste\u015b! &#8211; kubek\"}]},{\"@type\":\"WebSite\",\"@id\":\"https:\/\/staszewscy.pl\/#website\",\"url\":\"https:\/\/staszewscy.pl\/\",\"name\":\"Koszulkownia.pl\",\"description\":\"Koszulki z nadrukiem, prezenty, odzie\u017c na eventy\",\"publisher\":{\"@id\":\"https:\/\/staszewscy.pl\/#organization\"},\"potentialAction\":[{\"@type\":\"SearchAction\",\"target\":{\"@type\":\"EntryPoint\",\"urlTemplate\":\"https:\/\/staszewscy.pl\/?s={search_term_string}\"},\"query-input\":{\"@type\":\"PropertyValueSpecification\",\"valueRequired\":true,\"valueName\":\"search_term_string\"}}],\"inLanguage\":\"pl-PL\"},{\"@type\":\"Organization\",\"@id\":\"https:\/\/staszewscy.pl\/#organization\",\"name\":\"Koszulkownia.pl\",\"url\":\"https:\/\/staszewscy.pl\/\",\"logo\":{\"@type\":\"ImageObject\",\"inLanguage\":\"pl-PL\",\"@id\":\"https:\/\/staszewscy.pl\/#\/schema\/logo\/image\/\",\"url\":\"https:\/\/staszewscy.pl\/wp-content\/uploads\/2023\/09\/koszulkownia-logo-1576521554.png\",\"contentUrl\":\"https:\/\/staszewscy.pl\/wp-content\/uploads\/2023\/09\/koszulkownia-logo-1576521554.png\",\"width\":340,\"height\":72,\"caption\":\"Koszulkownia.pl\"},\"image\":{\"@id\":\"https:\/\/staszewscy.pl\/#\/schema\/logo\/image\/\"},\"sameAs\":[\"https:\/\/www.facebook.com\/koszulkownia\",\"https:\/\/www.instagram.com\/koszulkownia\/\",\"https:\/\/www.youtube.com\/@staszewscy.pl_koszulkownia6107\"]}]}<\/script>\n<!-- \/ Yoast SEO plugin. -->","yoast_head_json":{"title":"Mamo jak dobrze \u017ce jeste\u015b! - kubek - Staszewscy.pl","robots":{"index":"index","follow":"follow","max-snippet":"max-snippet:-1","max-image-preview":"max-image-preview:large","max-video-preview":"max-video-preview:-1"},"canonical":"https:\/\/staszewscy.pl\/index.php\/produkt\/mamo-jak-dobrze-ze-jestes-kubek\/","og_locale":"pl_PL","og_type":"article","og_title":"Mamo jak dobrze \u017ce jeste\u015b! - kubek - Staszewscy.pl","og_description":"Kubek typu bary\u0142ka z napisem: \"Mamo jak dobrze \u017ce jeste\u015b\u009b!\"","og_url":"https:\/\/staszewscy.pl\/index.php\/produkt\/mamo-jak-dobrze-ze-jestes-kubek\/","og_site_name":"Staszewscy.pl","article_publisher":"https:\/\/www.facebook.com\/koszulkownia","article_modified_time":"2024-06-12T13:57:17+00:00","og_image":[{"width":787,"height":827,"url":"https:\/\/staszewscy.pl\/wp-content\/uploads\/2020\/05\/451-0ed-Mamo-jak-dobrze-Lze-jesteL\u009b-kubek.jpg","type":"image\/jpeg"}],"twitter_card":"summary_large_image","twitter_misc":{"Szacowany czas czytania":"1 minuta"},"schema":{"@context":"https:\/\/schema.org","@graph":[{"@type":"WebPage","@id":"https:\/\/staszewscy.pl\/index.php\/produkt\/mamo-jak-dobrze-ze-jestes-kubek\/","url":"https:\/\/staszewscy.pl\/index.php\/produkt\/mamo-jak-dobrze-ze-jestes-kubek\/","name":"Mamo jak dobrze \u017ce jeste\u015b! - kubek - Staszewscy.pl","isPartOf":{"@id":"https:\/\/staszewscy.pl\/#website"},"primaryImageOfPage":{"@id":"https:\/\/staszewscy.pl\/index.php\/produkt\/mamo-jak-dobrze-ze-jestes-kubek\/#primaryimage"},"image":{"@id":"https:\/\/staszewscy.pl\/index.php\/produkt\/mamo-jak-dobrze-ze-jestes-kubek\/#primaryimage"},"thumbnailUrl":"https:\/\/staszewscy.pl\/wp-content\/uploads\/2020\/05\/451-0ed-Mamo-jak-dobrze-Lze-jesteL\u009b-kubek.jpg","datePublished":"2020-05-12T18:18:31+00:00","dateModified":"2024-06-12T13:57:17+00:00","breadcrumb":{"@id":"https:\/\/staszewscy.pl\/index.php\/produkt\/mamo-jak-dobrze-ze-jestes-kubek\/#breadcrumb"},"inLanguage":"pl-PL","potentialAction":[{"@type":"ReadAction","target":["https:\/\/staszewscy.pl\/index.php\/produkt\/mamo-jak-dobrze-ze-jestes-kubek\/"]}]},{"@type":"ImageObject","inLanguage":"pl-PL","@id":"https:\/\/staszewscy.pl\/index.php\/produkt\/mamo-jak-dobrze-ze-jestes-kubek\/#primaryimage","url":"https:\/\/staszewscy.pl\/wp-content\/uploads\/2020\/05\/451-0ed-Mamo-jak-dobrze-Lze-jesteL\u009b-kubek.jpg","contentUrl":"https:\/\/staszewscy.pl\/wp-content\/uploads\/2020\/05\/451-0ed-Mamo-jak-dobrze-Lze-jesteL\u009b-kubek.jpg","width":787,"height":827,"caption":"Mamo jak dobrze \u0139\u017ae jeste\u0139\u009b! - kubek"},{"@type":"BreadcrumbList","@id":"https:\/\/staszewscy.pl\/index.php\/produkt\/mamo-jak-dobrze-ze-jestes-kubek\/#breadcrumb","itemListElement":[{"@type":"ListItem","position":1,"name":"Strona g\u0142\u00f3wna","item":"https:\/\/staszewscy.pl\/"},{"@type":"ListItem","position":2,"name":"Shop","item":"https:\/\/staszewscy.pl\/index.php\/shop-2\/"},{"@type":"ListItem","position":3,"name":"Mamo jak dobrze \u017ce jeste\u015b! &#8211; kubek"}]},{"@type":"WebSite","@id":"https:\/\/staszewscy.pl\/#website","url":"https:\/\/staszewscy.pl\/","name":"Koszulkownia.pl","description":"Koszulki z nadrukiem, prezenty, odzie\u017c na eventy","publisher":{"@id":"https:\/\/staszewscy.pl\/#organization"},"potentialAction":[{"@type":"SearchAction","target":{"@type":"EntryPoint","urlTemplate":"https:\/\/staszewscy.pl\/?s={search_term_string}"},"query-input":{"@type":"PropertyValueSpecification","valueRequired":true,"valueName":"search_term_string"}}],"inLanguage":"pl-PL"},{"@type":"Organization","@id":"https:\/\/staszewscy.pl\/#organization","name":"Koszulkownia.pl","url":"https:\/\/staszewscy.pl\/","logo":{"@type":"ImageObject","inLanguage":"pl-PL","@id":"https:\/\/staszewscy.pl\/#\/schema\/logo\/image\/","url":"https:\/\/staszewscy.pl\/wp-content\/uploads\/2023\/09\/koszulkownia-logo-1576521554.png","contentUrl":"https:\/\/staszewscy.pl\/wp-content\/uploads\/2023\/09\/koszulkownia-logo-1576521554.png","width":340,"height":72,"caption":"Koszulkownia.pl"},"image":{"@id":"https:\/\/staszewscy.pl\/#\/schema\/logo\/image\/"},"sameAs":["https:\/\/www.facebook.com\/koszulkownia","https:\/\/www.instagram.com\/koszulkownia\/","https:\/\/www.youtube.com\/@staszewscy.pl_koszulkownia6107"]}]}},"jetpack_sharing_enabled":true,"_links":{"self":[{"href":"https:\/\/staszewscy.pl\/index.php\/wp-json\/wp\/v2\/product\/389","targetHints":{"allow":["GET"]}}],"collection":[{"href":"https:\/\/staszewscy.pl\/index.php\/wp-json\/wp\/v2\/product"}],"about":[{"href":"https:\/\/staszewscy.pl\/index.php\/wp-json\/wp\/v2\/types\/product"}],"version-history":[{"count":4,"href":"https:\/\/staszewscy.pl\/index.php\/wp-json\/wp\/v2\/product\/389\/revisions"}],"predecessor-version":[{"id":17306,"href":"https:\/\/staszewscy.pl\/index.php\/wp-json\/wp\/v2\/product\/389\/revisions\/17306"}],"wp:featuredmedia":[{"embeddable":true,"href":"https:\/\/staszewscy.pl\/index.php\/wp-json\/wp\/v2\/media\/387"}],"wp:attachment":[{"href":"https:\/\/staszewscy.pl\/index.php\/wp-json\/wp\/v2\/media?parent=389"}],"wp:term":[{"taxonomy":"product_brand","embeddable":true,"href":"https:\/\/staszewscy.pl\/index.php\/wp-json\/wp\/v2\/product_brand?post=389"},{"taxonomy":"product_cat","embeddable":true,"href":"https:\/\/staszewscy.pl\/index.php\/wp-json\/wp\/v2\/product_cat?post=389"},{"taxonomy":"product_tag","embeddable":true,"href":"https:\/\/staszewscy.pl\/index.php\/wp-json\/wp\/v2\/product_tag?post=389"}],"curies":[{"name":"wp","href":"https:\/\/api.w.org\/{rel}","templated":true}]}}