{"id":578,"date":"2020-08-13T14:12:47","date_gmt":"2020-08-13T14:12:47","guid":{"rendered":"https:\/\/staszewscy.pl\/index.php\/produkt\/u-babci-i-dziadka-obowia%c2%85zuje-dokl%c2%82adka-koszulka-2\/"},"modified":"2024-07-03T12:23:02","modified_gmt":"2024-07-03T10:23:02","slug":"u-babci-i-dziadka-obowiazuje-dokladka-koszulka2","status":"publish","type":"product","link":"https:\/\/staszewscy.pl\/index.php\/produkt\/u-babci-i-dziadka-obowiazuje-dokladka-koszulka2\/","title":{"rendered":"U babci i dziadka obowi\u0105zuje dok\u0142adka &#8211; koszulka"},"content":{"rendered":"<div class=\"[&amp;&gt;p:not(:first-child)]:mt-4\">\n<p><strong>Opis produktu<\/strong><\/p>\n<p><strong>Koszulka bawe\u0142niana<\/strong><\/p>\n<ul class=\"[&amp;&gt;li]:custom-bullet pl-[18px] rtl:pr-[18px]\">\n<li>Nadruki wykonywane na koszulkach marki Stedman lub Sol`s<\/li>\n<li>Sk\u0142ad: 85% bawe\u0142na, 15% wiskoza<\/li>\n<li>W\u0142a\u015bciwo\u015bci: oddychaj\u0105ca, przyjemna w dotyku, elastyczna, nie rozci\u0105ga si\u0119<\/li>\n<li>Brak substancji niebezpiecznych<\/li>\n<li>Gramatura: 185 -195g\/m2<\/li>\n<\/ul>\n<ul class=\"[&amp;&gt;li]:custom-bullet pl-[18px] rtl:pr-[18px]\">\n<li>Wz\u00f3r jest stworzony przez nas i chroniony prawem autorskim<\/li>\n<\/ul>\n<\/div>\n","protected":false},"excerpt":{"rendered":"<p>Koszulka z napisem:<\/p>\n<p>U babci i dziadka obowi\u0105zuje dok\u0142adka<\/p>\n","protected":false},"featured_media":573,"template":"","meta":[],"product_brand":[],"product_cat":[41,52,174,68,70,186,187],"product_tag":[],"class_list":{"0":"post-578","1":"product","2":"type-product","3":"status-publish","4":"has-post-thumbnail","6":"product_cat-koszulki-wszystkie","7":"product_cat-koszulki-dla-niej","8":"product_cat-koszulki-dla-niego-produkty","9":"product_cat-babci","10":"product_cat-dziadka","11":"product_cat-dzien-babci","12":"product_cat-dzien-dziadka","14":"first","15":"instock","16":"shipping-taxable","17":"purchasable","18":"product-type-variable","19":"add-to-wishlist-after_add_to_cart"},"yoast_head":"<!-- This site is optimized with the Yoast SEO plugin v26.9 - https:\/\/yoast.com\/product\/yoast-seo-wordpress\/ -->\n<title>U babci i dziadka obowi\u0105zuje dok\u0142adka - koszulka - Staszewscy.pl<\/title>\n<meta name=\"robots\" content=\"index, follow, max-snippet:-1, max-image-preview:large, max-video-preview:-1\" \/>\n<link rel=\"canonical\" href=\"https:\/\/staszewscy.pl\/index.php\/produkt\/u-babci-i-dziadka-obowiazuje-dokladka-koszulka2\/\" \/>\n<meta property=\"og:locale\" content=\"pl_PL\" \/>\n<meta property=\"og:type\" content=\"article\" \/>\n<meta property=\"og:title\" content=\"U babci i dziadka obowi\u0105zuje dok\u0142adka - koszulka - Staszewscy.pl\" \/>\n<meta property=\"og:description\" content=\"Koszulka z napisem:  U babci i dziadka obowi\u0105zuje dok\u0142adka\" \/>\n<meta property=\"og:url\" content=\"https:\/\/staszewscy.pl\/index.php\/produkt\/u-babci-i-dziadka-obowiazuje-dokladka-koszulka2\/\" \/>\n<meta property=\"og:site_name\" content=\"Staszewscy.pl\" \/>\n<meta property=\"article:publisher\" content=\"https:\/\/www.facebook.com\/koszulkownia\" \/>\n<meta property=\"article:modified_time\" content=\"2024-07-03T10:23:02+00:00\" \/>\n<meta property=\"og:image\" content=\"https:\/\/staszewscy.pl\/wp-content\/uploads\/2020\/08\/662-984-U-babci-i-dziadka-obowiA\u0085zuje-dokL\u0082adka-koszulka.jpg\" \/>\n\t<meta property=\"og:image:width\" content=\"520\" \/>\n\t<meta property=\"og:image:height\" content=\"563\" \/>\n\t<meta property=\"og:image:type\" content=\"image\/jpeg\" \/>\n<meta name=\"twitter:card\" content=\"summary_large_image\" \/>\n<meta name=\"twitter:label1\" content=\"Szacowany czas czytania\" \/>\n\t<meta name=\"twitter:data1\" content=\"1 minuta\" \/>\n<script type=\"application\/ld+json\" class=\"yoast-schema-graph\">{\"@context\":\"https:\/\/schema.org\",\"@graph\":[{\"@type\":\"WebPage\",\"@id\":\"https:\/\/staszewscy.pl\/index.php\/produkt\/u-babci-i-dziadka-obowiazuje-dokladka-koszulka2\/\",\"url\":\"https:\/\/staszewscy.pl\/index.php\/produkt\/u-babci-i-dziadka-obowiazuje-dokladka-koszulka2\/\",\"name\":\"U babci i dziadka obowi\u0105zuje dok\u0142adka - koszulka - Staszewscy.pl\",\"isPartOf\":{\"@id\":\"https:\/\/staszewscy.pl\/#website\"},\"primaryImageOfPage\":{\"@id\":\"https:\/\/staszewscy.pl\/index.php\/produkt\/u-babci-i-dziadka-obowiazuje-dokladka-koszulka2\/#primaryimage\"},\"image\":{\"@id\":\"https:\/\/staszewscy.pl\/index.php\/produkt\/u-babci-i-dziadka-obowiazuje-dokladka-koszulka2\/#primaryimage\"},\"thumbnailUrl\":\"https:\/\/staszewscy.pl\/wp-content\/uploads\/2020\/08\/662-984-U-babci-i-dziadka-obowiA\u0085zuje-dokL\u0082adka-koszulka.jpg\",\"datePublished\":\"2020-08-13T14:12:47+00:00\",\"dateModified\":\"2024-07-03T10:23:02+00:00\",\"breadcrumb\":{\"@id\":\"https:\/\/staszewscy.pl\/index.php\/produkt\/u-babci-i-dziadka-obowiazuje-dokladka-koszulka2\/#breadcrumb\"},\"inLanguage\":\"pl-PL\",\"potentialAction\":[{\"@type\":\"ReadAction\",\"target\":[\"https:\/\/staszewscy.pl\/index.php\/produkt\/u-babci-i-dziadka-obowiazuje-dokladka-koszulka2\/\"]}]},{\"@type\":\"ImageObject\",\"inLanguage\":\"pl-PL\",\"@id\":\"https:\/\/staszewscy.pl\/index.php\/produkt\/u-babci-i-dziadka-obowiazuje-dokladka-koszulka2\/#primaryimage\",\"url\":\"https:\/\/staszewscy.pl\/wp-content\/uploads\/2020\/08\/662-984-U-babci-i-dziadka-obowiA\u0085zuje-dokL\u0082adka-koszulka.jpg\",\"contentUrl\":\"https:\/\/staszewscy.pl\/wp-content\/uploads\/2020\/08\/662-984-U-babci-i-dziadka-obowiA\u0085zuje-dokL\u0082adka-koszulka.jpg\",\"width\":520,\"height\":563,\"caption\":\"U babci i dziadka obowi\u00c4\u0085zuje dok\u0139\u0082adka - koszulka\"},{\"@type\":\"BreadcrumbList\",\"@id\":\"https:\/\/staszewscy.pl\/index.php\/produkt\/u-babci-i-dziadka-obowiazuje-dokladka-koszulka2\/#breadcrumb\",\"itemListElement\":[{\"@type\":\"ListItem\",\"position\":1,\"name\":\"Strona g\u0142\u00f3wna\",\"item\":\"https:\/\/staszewscy.pl\/\"},{\"@type\":\"ListItem\",\"position\":2,\"name\":\"Shop\",\"item\":\"https:\/\/staszewscy.pl\/index.php\/shop-2\/\"},{\"@type\":\"ListItem\",\"position\":3,\"name\":\"U babci i dziadka obowi\u0105zuje dok\u0142adka &#8211; koszulka\"}]},{\"@type\":\"WebSite\",\"@id\":\"https:\/\/staszewscy.pl\/#website\",\"url\":\"https:\/\/staszewscy.pl\/\",\"name\":\"Koszulkownia.pl\",\"description\":\"Koszulki z nadrukiem, prezenty, odzie\u017c na eventy\",\"publisher\":{\"@id\":\"https:\/\/staszewscy.pl\/#organization\"},\"potentialAction\":[{\"@type\":\"SearchAction\",\"target\":{\"@type\":\"EntryPoint\",\"urlTemplate\":\"https:\/\/staszewscy.pl\/?s={search_term_string}\"},\"query-input\":{\"@type\":\"PropertyValueSpecification\",\"valueRequired\":true,\"valueName\":\"search_term_string\"}}],\"inLanguage\":\"pl-PL\"},{\"@type\":\"Organization\",\"@id\":\"https:\/\/staszewscy.pl\/#organization\",\"name\":\"Koszulkownia.pl\",\"url\":\"https:\/\/staszewscy.pl\/\",\"logo\":{\"@type\":\"ImageObject\",\"inLanguage\":\"pl-PL\",\"@id\":\"https:\/\/staszewscy.pl\/#\/schema\/logo\/image\/\",\"url\":\"https:\/\/staszewscy.pl\/wp-content\/uploads\/2023\/09\/koszulkownia-logo-1576521554.png\",\"contentUrl\":\"https:\/\/staszewscy.pl\/wp-content\/uploads\/2023\/09\/koszulkownia-logo-1576521554.png\",\"width\":340,\"height\":72,\"caption\":\"Koszulkownia.pl\"},\"image\":{\"@id\":\"https:\/\/staszewscy.pl\/#\/schema\/logo\/image\/\"},\"sameAs\":[\"https:\/\/www.facebook.com\/koszulkownia\",\"https:\/\/www.instagram.com\/koszulkownia\/\",\"https:\/\/www.youtube.com\/@staszewscy.pl_koszulkownia6107\"]}]}<\/script>\n<!-- \/ Yoast SEO plugin. -->","yoast_head_json":{"title":"U babci i dziadka obowi\u0105zuje dok\u0142adka - koszulka - Staszewscy.pl","robots":{"index":"index","follow":"follow","max-snippet":"max-snippet:-1","max-image-preview":"max-image-preview:large","max-video-preview":"max-video-preview:-1"},"canonical":"https:\/\/staszewscy.pl\/index.php\/produkt\/u-babci-i-dziadka-obowiazuje-dokladka-koszulka2\/","og_locale":"pl_PL","og_type":"article","og_title":"U babci i dziadka obowi\u0105zuje dok\u0142adka - koszulka - Staszewscy.pl","og_description":"Koszulka z napisem:  U babci i dziadka obowi\u0105zuje dok\u0142adka","og_url":"https:\/\/staszewscy.pl\/index.php\/produkt\/u-babci-i-dziadka-obowiazuje-dokladka-koszulka2\/","og_site_name":"Staszewscy.pl","article_publisher":"https:\/\/www.facebook.com\/koszulkownia","article_modified_time":"2024-07-03T10:23:02+00:00","og_image":[{"width":520,"height":563,"url":"https:\/\/staszewscy.pl\/wp-content\/uploads\/2020\/08\/662-984-U-babci-i-dziadka-obowiA\u0085zuje-dokL\u0082adka-koszulka.jpg","type":"image\/jpeg"}],"twitter_card":"summary_large_image","twitter_misc":{"Szacowany czas czytania":"1 minuta"},"schema":{"@context":"https:\/\/schema.org","@graph":[{"@type":"WebPage","@id":"https:\/\/staszewscy.pl\/index.php\/produkt\/u-babci-i-dziadka-obowiazuje-dokladka-koszulka2\/","url":"https:\/\/staszewscy.pl\/index.php\/produkt\/u-babci-i-dziadka-obowiazuje-dokladka-koszulka2\/","name":"U babci i dziadka obowi\u0105zuje dok\u0142adka - koszulka - Staszewscy.pl","isPartOf":{"@id":"https:\/\/staszewscy.pl\/#website"},"primaryImageOfPage":{"@id":"https:\/\/staszewscy.pl\/index.php\/produkt\/u-babci-i-dziadka-obowiazuje-dokladka-koszulka2\/#primaryimage"},"image":{"@id":"https:\/\/staszewscy.pl\/index.php\/produkt\/u-babci-i-dziadka-obowiazuje-dokladka-koszulka2\/#primaryimage"},"thumbnailUrl":"https:\/\/staszewscy.pl\/wp-content\/uploads\/2020\/08\/662-984-U-babci-i-dziadka-obowiA\u0085zuje-dokL\u0082adka-koszulka.jpg","datePublished":"2020-08-13T14:12:47+00:00","dateModified":"2024-07-03T10:23:02+00:00","breadcrumb":{"@id":"https:\/\/staszewscy.pl\/index.php\/produkt\/u-babci-i-dziadka-obowiazuje-dokladka-koszulka2\/#breadcrumb"},"inLanguage":"pl-PL","potentialAction":[{"@type":"ReadAction","target":["https:\/\/staszewscy.pl\/index.php\/produkt\/u-babci-i-dziadka-obowiazuje-dokladka-koszulka2\/"]}]},{"@type":"ImageObject","inLanguage":"pl-PL","@id":"https:\/\/staszewscy.pl\/index.php\/produkt\/u-babci-i-dziadka-obowiazuje-dokladka-koszulka2\/#primaryimage","url":"https:\/\/staszewscy.pl\/wp-content\/uploads\/2020\/08\/662-984-U-babci-i-dziadka-obowiA\u0085zuje-dokL\u0082adka-koszulka.jpg","contentUrl":"https:\/\/staszewscy.pl\/wp-content\/uploads\/2020\/08\/662-984-U-babci-i-dziadka-obowiA\u0085zuje-dokL\u0082adka-koszulka.jpg","width":520,"height":563,"caption":"U babci i dziadka obowi\u00c4\u0085zuje dok\u0139\u0082adka - koszulka"},{"@type":"BreadcrumbList","@id":"https:\/\/staszewscy.pl\/index.php\/produkt\/u-babci-i-dziadka-obowiazuje-dokladka-koszulka2\/#breadcrumb","itemListElement":[{"@type":"ListItem","position":1,"name":"Strona g\u0142\u00f3wna","item":"https:\/\/staszewscy.pl\/"},{"@type":"ListItem","position":2,"name":"Shop","item":"https:\/\/staszewscy.pl\/index.php\/shop-2\/"},{"@type":"ListItem","position":3,"name":"U babci i dziadka obowi\u0105zuje dok\u0142adka &#8211; koszulka"}]},{"@type":"WebSite","@id":"https:\/\/staszewscy.pl\/#website","url":"https:\/\/staszewscy.pl\/","name":"Koszulkownia.pl","description":"Koszulki z nadrukiem, prezenty, odzie\u017c na eventy","publisher":{"@id":"https:\/\/staszewscy.pl\/#organization"},"potentialAction":[{"@type":"SearchAction","target":{"@type":"EntryPoint","urlTemplate":"https:\/\/staszewscy.pl\/?s={search_term_string}"},"query-input":{"@type":"PropertyValueSpecification","valueRequired":true,"valueName":"search_term_string"}}],"inLanguage":"pl-PL"},{"@type":"Organization","@id":"https:\/\/staszewscy.pl\/#organization","name":"Koszulkownia.pl","url":"https:\/\/staszewscy.pl\/","logo":{"@type":"ImageObject","inLanguage":"pl-PL","@id":"https:\/\/staszewscy.pl\/#\/schema\/logo\/image\/","url":"https:\/\/staszewscy.pl\/wp-content\/uploads\/2023\/09\/koszulkownia-logo-1576521554.png","contentUrl":"https:\/\/staszewscy.pl\/wp-content\/uploads\/2023\/09\/koszulkownia-logo-1576521554.png","width":340,"height":72,"caption":"Koszulkownia.pl"},"image":{"@id":"https:\/\/staszewscy.pl\/#\/schema\/logo\/image\/"},"sameAs":["https:\/\/www.facebook.com\/koszulkownia","https:\/\/www.instagram.com\/koszulkownia\/","https:\/\/www.youtube.com\/@staszewscy.pl_koszulkownia6107"]}]}},"jetpack_sharing_enabled":true,"_links":{"self":[{"href":"https:\/\/staszewscy.pl\/index.php\/wp-json\/wp\/v2\/product\/578","targetHints":{"allow":["GET"]}}],"collection":[{"href":"https:\/\/staszewscy.pl\/index.php\/wp-json\/wp\/v2\/product"}],"about":[{"href":"https:\/\/staszewscy.pl\/index.php\/wp-json\/wp\/v2\/types\/product"}],"version-history":[{"count":2,"href":"https:\/\/staszewscy.pl\/index.php\/wp-json\/wp\/v2\/product\/578\/revisions"}],"predecessor-version":[{"id":16300,"href":"https:\/\/staszewscy.pl\/index.php\/wp-json\/wp\/v2\/product\/578\/revisions\/16300"}],"wp:featuredmedia":[{"embeddable":true,"href":"https:\/\/staszewscy.pl\/index.php\/wp-json\/wp\/v2\/media\/573"}],"wp:attachment":[{"href":"https:\/\/staszewscy.pl\/index.php\/wp-json\/wp\/v2\/media?parent=578"}],"wp:term":[{"taxonomy":"product_brand","embeddable":true,"href":"https:\/\/staszewscy.pl\/index.php\/wp-json\/wp\/v2\/product_brand?post=578"},{"taxonomy":"product_cat","embeddable":true,"href":"https:\/\/staszewscy.pl\/index.php\/wp-json\/wp\/v2\/product_cat?post=578"},{"taxonomy":"product_tag","embeddable":true,"href":"https:\/\/staszewscy.pl\/index.php\/wp-json\/wp\/v2\/product_tag?post=578"}],"curies":[{"name":"wp","href":"https:\/\/api.w.org\/{rel}","templated":true}]}}